{"id":2880,"date":"2022-06-28T13:21:45","date_gmt":"2022-06-28T17:21:45","guid":{"rendered":"https:\/\/presenceautochtone.ca\/?page_id=2880"},"modified":"2023-04-13T18:23:38","modified_gmt":"2023-04-13T22:23:38","slug":"nos-partenaires","status":"publish","type":"page","link":"https:\/\/presenceautochtone.ca\/archives\/2025\/terres-en-vues\/nos-partenaires\/","title":{"rendered":"Nos partenaires"},"content":{"rendered":"","protected":false},"excerpt":{"rendered":"","protected":false},"author":1,"featured_media":0,"parent":2814,"menu_order":49,"comment_status":"closed","ping_status":"closed","template":"templates\/partenaires-template.php","meta":{"_acf_changed":false,"footnotes":""},"class_list":["post-2880","page","type-page","status-publish","hentry"],"acf":[],"yoast_head":"<!-- This site is optimized with the Yoast SEO plugin v27.3 - https:\/\/yoast.com\/product\/yoast-seo-wordpress\/ -->\n<title>Nos partenaires - Pr\u00e9sence Autochtone<\/title>\n<meta name=\"description\" content=\"TERRES EN VUES REMERCIEPatrimoine Canadien, \u00e0 travers le Fonds pour la pr\u00e9sentation des arts T\u00e9l\u00e9film Canada Conseil des arts du Canada Conseil des arts et lettres du Qu\u00e9bec (CALQ)\" \/>\n<meta name=\"robots\" content=\"noindex, follow, max-snippet:-1, max-image-preview:large, max-video-preview:-1\" \/>\n<meta property=\"og:locale\" content=\"fr_FR\" \/>\n<meta property=\"og:type\" content=\"article\" \/>\n<meta property=\"og:title\" content=\"Nos partenaires - Pr\u00e9sence Autochtone\" \/>\n<meta property=\"og:description\" content=\"TERRES EN VUES REMERCIEPatrimoine Canadien, \u00e0 travers le Fonds pour la pr\u00e9sentation des arts T\u00e9l\u00e9film Canada Conseil des arts du Canada Conseil des arts et lettres du Qu\u00e9bec (CALQ)\" \/>\n<meta property=\"og:url\" content=\"https:\/\/presenceautochtone.ca\/archives\/2025\/terres-en-vues\/nos-partenaires\/\" \/>\n<meta property=\"og:site_name\" content=\"Pr\u00e9sence Autochtone\" \/>\n<meta property=\"article:modified_time\" content=\"2023-04-13T22:23:38+00:00\" \/>\n<meta name=\"twitter:card\" content=\"summary_large_image\" \/>\n<script type=\"application\/ld+json\" class=\"yoast-schema-graph\">{\"@context\":\"https:\\\/\\\/schema.org\",\"@graph\":[{\"@type\":\"WebPage\",\"@id\":\"https:\\\/\\\/presenceautochtone.ca\\\/archives\\\/2025\\\/terres-en-vues\\\/nos-partenaires\\\/\",\"url\":\"https:\\\/\\\/presenceautochtone.ca\\\/archives\\\/2025\\\/terres-en-vues\\\/nos-partenaires\\\/\",\"name\":\"Nos partenaires - Pr\u00e9sence Autochtone\",\"isPartOf\":{\"@id\":\"https:\\\/\\\/presenceautochtone.ca\\\/archives\\\/2025\\\/#website\"},\"datePublished\":\"2022-06-28T17:21:45+00:00\",\"dateModified\":\"2023-04-13T22:23:38+00:00\",\"description\":\"TERRES EN VUES REMERCIEPatrimoine Canadien, \u00e0 travers le Fonds pour la pr\u00e9sentation des arts T\u00e9l\u00e9film Canada Conseil des arts du Canada Conseil des arts et lettres du Qu\u00e9bec (CALQ)\",\"breadcrumb\":{\"@id\":\"https:\\\/\\\/presenceautochtone.ca\\\/archives\\\/2025\\\/terres-en-vues\\\/nos-partenaires\\\/#breadcrumb\"},\"inLanguage\":\"fr-FR\",\"potentialAction\":[{\"@type\":\"ReadAction\",\"target\":[\"https:\\\/\\\/presenceautochtone.ca\\\/archives\\\/2025\\\/terres-en-vues\\\/nos-partenaires\\\/\"]}]},{\"@type\":\"BreadcrumbList\",\"@id\":\"https:\\\/\\\/presenceautochtone.ca\\\/archives\\\/2025\\\/terres-en-vues\\\/nos-partenaires\\\/#breadcrumb\",\"itemListElement\":[{\"@type\":\"ListItem\",\"position\":1,\"name\":\"Home\",\"item\":\"https:\\\/\\\/presenceautochtone.ca\\\/archives\\\/2025\\\/\"},{\"@type\":\"ListItem\",\"position\":2,\"name\":\"Terres en vues\",\"item\":\"https:\\\/\\\/presenceautochtone.ca\\\/archives\\\/2025\\\/terres-en-vues\\\/\"},{\"@type\":\"ListItem\",\"position\":3,\"name\":\"Nos partenaires\"}]},{\"@type\":\"WebSite\",\"@id\":\"https:\\\/\\\/presenceautochtone.ca\\\/archives\\\/2025\\\/#website\",\"url\":\"https:\\\/\\\/presenceautochtone.ca\\\/archives\\\/2025\\\/\",\"name\":\"Pr\u00e9sence Autochtone\",\"description\":\"\",\"potentialAction\":[{\"@type\":\"SearchAction\",\"target\":{\"@type\":\"EntryPoint\",\"urlTemplate\":\"https:\\\/\\\/presenceautochtone.ca\\\/archives\\\/2025\\\/?s={search_term_string}\"},\"query-input\":{\"@type\":\"PropertyValueSpecification\",\"valueRequired\":true,\"valueName\":\"search_term_string\"}}],\"inLanguage\":\"fr-FR\"}]}<\/script>\n<!-- \/ Yoast SEO plugin. -->","yoast_head_json":{"title":"Nos partenaires - Pr\u00e9sence Autochtone","description":"TERRES EN VUES REMERCIEPatrimoine Canadien, \u00e0 travers le Fonds pour la pr\u00e9sentation des arts T\u00e9l\u00e9film Canada Conseil des arts du Canada Conseil des arts et lettres du Qu\u00e9bec (CALQ)","robots":{"index":"noindex","follow":"follow","max-snippet":"max-snippet:-1","max-image-preview":"max-image-preview:large","max-video-preview":"max-video-preview:-1"},"og_locale":"fr_FR","og_type":"article","og_title":"Nos partenaires - Pr\u00e9sence Autochtone","og_description":"TERRES EN VUES REMERCIEPatrimoine Canadien, \u00e0 travers le Fonds pour la pr\u00e9sentation des arts T\u00e9l\u00e9film Canada Conseil des arts du Canada Conseil des arts et lettres du Qu\u00e9bec (CALQ)","og_url":"https:\/\/presenceautochtone.ca\/archives\/2025\/terres-en-vues\/nos-partenaires\/","og_site_name":"Pr\u00e9sence Autochtone","article_modified_time":"2023-04-13T22:23:38+00:00","twitter_card":"summary_large_image","schema":{"@context":"https:\/\/schema.org","@graph":[{"@type":"WebPage","@id":"https:\/\/presenceautochtone.ca\/archives\/2025\/terres-en-vues\/nos-partenaires\/","url":"https:\/\/presenceautochtone.ca\/archives\/2025\/terres-en-vues\/nos-partenaires\/","name":"Nos partenaires - Pr\u00e9sence Autochtone","isPartOf":{"@id":"https:\/\/presenceautochtone.ca\/archives\/2025\/#website"},"datePublished":"2022-06-28T17:21:45+00:00","dateModified":"2023-04-13T22:23:38+00:00","description":"TERRES EN VUES REMERCIEPatrimoine Canadien, \u00e0 travers le Fonds pour la pr\u00e9sentation des arts T\u00e9l\u00e9film Canada Conseil des arts du Canada Conseil des arts et lettres du Qu\u00e9bec (CALQ)","breadcrumb":{"@id":"https:\/\/presenceautochtone.ca\/archives\/2025\/terres-en-vues\/nos-partenaires\/#breadcrumb"},"inLanguage":"fr-FR","potentialAction":[{"@type":"ReadAction","target":["https:\/\/presenceautochtone.ca\/archives\/2025\/terres-en-vues\/nos-partenaires\/"]}]},{"@type":"BreadcrumbList","@id":"https:\/\/presenceautochtone.ca\/archives\/2025\/terres-en-vues\/nos-partenaires\/#breadcrumb","itemListElement":[{"@type":"ListItem","position":1,"name":"Home","item":"https:\/\/presenceautochtone.ca\/archives\/2025\/"},{"@type":"ListItem","position":2,"name":"Terres en vues","item":"https:\/\/presenceautochtone.ca\/archives\/2025\/terres-en-vues\/"},{"@type":"ListItem","position":3,"name":"Nos partenaires"}]},{"@type":"WebSite","@id":"https:\/\/presenceautochtone.ca\/archives\/2025\/#website","url":"https:\/\/presenceautochtone.ca\/archives\/2025\/","name":"Pr\u00e9sence Autochtone","description":"","potentialAction":[{"@type":"SearchAction","target":{"@type":"EntryPoint","urlTemplate":"https:\/\/presenceautochtone.ca\/archives\/2025\/?s={search_term_string}"},"query-input":{"@type":"PropertyValueSpecification","valueRequired":true,"valueName":"search_term_string"}}],"inLanguage":"fr-FR"}]}},"_links":{"self":[{"href":"https:\/\/presenceautochtone.ca\/archives\/2025\/wp-json\/wp\/v2\/pages\/2880","targetHints":{"allow":["GET"]}}],"collection":[{"href":"https:\/\/presenceautochtone.ca\/archives\/2025\/wp-json\/wp\/v2\/pages"}],"about":[{"href":"https:\/\/presenceautochtone.ca\/archives\/2025\/wp-json\/wp\/v2\/types\/page"}],"author":[{"embeddable":true,"href":"https:\/\/presenceautochtone.ca\/archives\/2025\/wp-json\/wp\/v2\/users\/1"}],"replies":[{"embeddable":true,"href":"https:\/\/presenceautochtone.ca\/archives\/2025\/wp-json\/wp\/v2\/comments?post=2880"}],"version-history":[{"count":5,"href":"https:\/\/presenceautochtone.ca\/archives\/2025\/wp-json\/wp\/v2\/pages\/2880\/revisions"}],"predecessor-version":[{"id":4280,"href":"https:\/\/presenceautochtone.ca\/archives\/2025\/wp-json\/wp\/v2\/pages\/2880\/revisions\/4280"}],"up":[{"embeddable":true,"href":"https:\/\/presenceautochtone.ca\/archives\/2025\/wp-json\/wp\/v2\/pages\/2814"}],"wp:attachment":[{"href":"https:\/\/presenceautochtone.ca\/archives\/2025\/wp-json\/wp\/v2\/media?parent=2880"}],"curies":[{"name":"wp","href":"https:\/\/api.w.org\/{rel}","templated":true}]}}