{"id":12861,"date":"2025-07-18T18:09:00","date_gmt":"2025-07-18T22:09:00","guid":{"rendered":"https:\/\/presenceautochtone.ca\/?page_id=12861"},"modified":"2025-07-23T13:00:45","modified_gmt":"2025-07-23T17:00:45","slug":"une-deferlante-a-montreal","status":"publish","type":"page","link":"https:\/\/presenceautochtone.ca\/archives\/2025\/festival\/une-deferlante-a-montreal\/","title":{"rendered":"Une d\u00e9ferlante \u00e0 Montr\u00e9al"},"content":{"rendered":"<p style=\"text-align: center;\"><img loading=\"lazy\" decoding=\"async\" class=\"alignnone size-medium wp-image-12877\" src=\"https:\/\/presenceautochtone.ca\/archives\/2025\/wp-content\/uploads\/2025\/07\/Chef-urbain-35e-fond-transparent-300x300.png\" alt=\"\" width=\"300\" height=\"300\" srcset=\"https:\/\/presenceautochtone.ca\/archives\/2025\/wp-content\/uploads\/2025\/07\/Chef-urbain-35e-fond-transparent-300x300.png 300w, https:\/\/presenceautochtone.ca\/archives\/2025\/wp-content\/uploads\/2025\/07\/Chef-urbain-35e-fond-transparent-150x150.png 150w, https:\/\/presenceautochtone.ca\/archives\/2025\/wp-content\/uploads\/2025\/07\/Chef-urbain-35e-fond-transparent-768x768.png 768w, https:\/\/presenceautochtone.ca\/archives\/2025\/wp-content\/uploads\/2025\/07\/Chef-urbain-35e-fond-transparent-960x960.png 960w, https:\/\/presenceautochtone.ca\/archives\/2025\/wp-content\/uploads\/2025\/07\/Chef-urbain-35e-fond-transparent-640x640.png 640w, https:\/\/presenceautochtone.ca\/archives\/2025\/wp-content\/uploads\/2025\/07\/Chef-urbain-35e-fond-transparent-500x500.png 500w, https:\/\/presenceautochtone.ca\/archives\/2025\/wp-content\/uploads\/2025\/07\/Chef-urbain-35e-fond-transparent.png 1000w\" sizes=\"auto, (max-width: 300px) 100vw, 300px\" \/><\/p>\n<h2 style=\"text-align: center;\"><a href=\"https:\/\/presenceautochtone.ca\/archives\/2025\/festival\/calendrier\/\"><strong>Voir la programmation compl\u00e8te ici<\/strong><\/a><\/h2>\n<h3><\/h3>\n<p>&nbsp;<\/p>\n<h3>Pr\u00e9sence autochtone, une d\u00e9ferlante \u00e0 Montr\u00e9al \u2013 Du 5 au 14 ao\u00fbt<\/h3>\n<p>Montr\u00e9al, le 16 juillet 2025. La d\u00e9ferlante pr\u00e9sence autochtone s\u2019annonce pour ao\u00fbt 2025 \u00e0 Montr\u00e9al. La vague de cr\u00e9ativit\u00e9 qui se l\u00e8ve chez les peuples autochtones du monde, porteurs de tradition mill\u00e9naires et de visions proph\u00e9tiques, am\u00e8nera dans la ville un tsunami d\u2019activit\u00e9s vari\u00e9es allant du film \u00e0 la musique, de la danse \u00e0 la performance, du skateboard au tambour, un mouvement tellurique annonciateur des transformations \u00e0 venir.<\/p>\n<p>Montr\u00e9al, m\u00e9rite-t-elle le titre de ville la plus anti-MAGA de toutes les Am\u00e9riques? Au FIPA, nous osons le croire.<\/p>\n<p>Sous son nouveau drapeau, au centre duquel resplendit le grand pin blanc, symbole de l\u2019autochtonie du lieu, de grands concerts feront briller les \u00e9toiles sur la voute c\u00e9leste et sur la sc\u00e8ne Qu\u00e9becor. Notamment, une grande \u0153uvre polyphonique,\u00a0<em>Song to the Whales<\/em>\u00a0avec Bunna Lawrie, sage Aborig\u00e8ne, dot\u00e9 d\u2019un lien onirique avec l\u2019esprit des baleines et invit\u00e9 d\u2019honneur qui participera au concert-rituel avec aussi des voix d\u2019Aotearoa et du Nunavik. Le 6 et le 7 ao\u00fbt, sur la place des Festivals. De Portland, autre ville qui pourrait disputer le titre ci-haut attribu\u00e9 \u00e0 Montr\u00e9al, le punk rock lib\u00e9rateur du groupe\u00a0<em>1876<\/em>, pr\u00e9c\u00e9d\u00e9 de\u00a0<em>Kong<\/em>, un super-rapper de Whapmagoostui (Poste-\u00e0-la-baleine, incidemment). Et, dans un concert in\u00e9dit intitul\u00e9\u00a0<em>Les passeurs<\/em>, les chants et po\u00e9sies de Jacques Newashish, a\u00een\u00e9 atikamekw, et de Andr\u00e9e L\u00e9vesque-Sioui, artiste wendate, seront accompagn\u00e9s par les guitares de Forestare le dimanche 10 ao\u00fbt.<\/p>\n<p>En 2025, un hommage majeur est rendu \u00e0 la chanson innue avec, en premi\u00e8re mondiale, la pr\u00e9sentation du film\u00a0<em>Florent Vollant\u00a0: Innu<\/em>\u00a0et sur sc\u00e8ne, les performances des groupes Maten, Shauit et Native Mafia Family. Incidemment, dans la programmation du FIPA, les langues autochtones fleurissent dans la chanson comme au cin\u00e9ma. Pensons notamment aux films\u00a0<em>Ka Whawhai Tonu\u00a0<\/em>fiction historique en langue maorie,\u00a0<em>Kinra<\/em>, long m\u00e9trage suivant dans le P\u00e9rou contemporain un jeune aymara en qu\u00eate de son destin. Et les langues amazoniennes, telles l\u2019Apala\u00ef parl\u00e9 dans\u00a0<em>Bibiru<\/em>, histoire d\u2019un chien frapp\u00e9 de mauvais sort et le Mbya Guarani dans\u00a0<em>Canuto<\/em>, construit autour de la l\u00e9gende de l\u2019homme transform\u00e9 en l\u00e9opard, le film glisse imperceptiblement du documentaire vers la fiction.<\/p>\n<p>Le festival propose une plong\u00e9e dans les cultures enracin\u00e9es et mill\u00e9naires, diversifi\u00e9s et m\u00e9connues, des peuples autochtones de notre M\u00e8re Terre. \u00c0 ne pas manquer,\u00a0<em>Cosmographies<\/em>, tourn\u00e9 dans le d\u00e9sert d\u2019Atacama, territoire aymara, singulier \u00e9cosyst\u00e8me sur lequel les traditions autochtones c\u00f4toient les observatoires astronomiques les plus performants et les robots de la NASA qui y sont test\u00e9s en vue de l\u2019exploration de la plan\u00e8te mars. \u00c0 voir aussi,\u00a0<em>La chute du ciel\u00a0<\/em>(Cannes, la Quinzaine 2024) avec la voix puissante de Davi Kopenawa, chamane et leader yanomami.\u00a0 \u00c9galement une exp\u00e9rience unique \u00e0 vivre\u00a0:\u00a0<em>Sanajiit\u00a0<\/em>\u14f4\u14c7\u1529\u1466 (<em>Inuit Makers<\/em>) s\u00e9rie documentaire innovante, achev\u00e9e en 2025, qui propose un voyage immersif au c\u0153ur de la cr\u00e9ativit\u00e9 et de la tradition inuites, la vie telle qu\u2019elle se d\u00e9roule naturellement en temps r\u00e9el. Pr\u00e9sent\u00e9 dans l\u2019Espace ONF et au Centre d\u2019Art Daphn\u00e9, les 8, 9 et 10 ao\u00fbt.<\/p>\n<p>D\u00e8s l\u2019ouverture en trois courts m\u00e9trages, on aura d\u00e9j\u00e0 pu saisir l\u2019\u00e9tendue de la palette des arts autochtones contemporains avec\u00a0<em>Vientre de la luna,\u00a0<\/em>un documentaire tout personnel venu du Mexique, premier film d\u2019une jeune r\u00e9alisatrice Tsotsil et\u00a0<em>Inkwo<\/em>, superbe film d\u2019animation, sign\u00e9 Amanda Strong. Et surtout, un film de genre, film officiel d\u2019ouverture du FIPA\u00a0:\u00a0<em>Midnight at the Lonely River.\u00a0<\/em>\u00a0D\u00e9j\u00e0 avec ses premiers films r\u00e9alis\u00e9s avec les \u00e9quipes du Wapikoni mobile, Abraham C\u00f4t\u00e9 se distinguait par son sens du cin\u00e9ma narratif. Et voici qu\u2019on assiste \u00e0 la naissance d\u2019un v\u00e9ritable cin\u00e9aste, car ce court est visiblement le pr\u00e9lude de longs \u00e0 venir. Mentionnons ici que le film de genre devient un sentier de plus en plus fr\u00e9quent\u00e9 par les cin\u00e9astes des premiers peuples. \u00c0 titre d\u2019exemple, un ovni inclassable \u00e0 voir\u00a0:\u00a0<em>The Dim<\/em>, thriller s-f, splendide nanar assum\u00e9, avec popcorn gratuit pour ceux qui viendront le voir \u00e0 La M\u00e9tropolitaine, salle de l\u2019underground branch\u00e9 o\u00f9 Pr\u00e9sence autochtone se faufile pour la premi\u00e8re fois. Ceux qui voudront s\u2019en tenir \u00e0 des terrains mieux balis\u00e9s, verront la s\u00e9lection annuelle de films en comp\u00e9tition au Cin\u00e9ma du Mus\u00e9e.<\/p>\n<p>Le FIPA doit saluer les nombreux partenaires, tels la Fondation Rigoberta-Menchu, Mainfilm, les Films du 3 mars, Espace-autochtone Radio-Canada, Air Canada et d\u2019autres, qui s\u2019associent \u00e0 cette reconnaissance annuelle de\u00a0l\u2019excellence dans la production cin\u00e9matographique autochtone du Canada et du monde. En lice, plusieurs documentaires venus d\u2019Am\u00e9rique du Sud, parmi lesquels des femmes portent leur regard sur la m\u00e9moire historique\u00a0retrouv\u00e9e,\u00a0<em>The Memory of Butterflies<\/em>\u00a0(P\u00e9rou),\u00a0<em>Memoria implacable<\/em>\u00a0(Chili),\u00a0<em>Senda india<\/em>\u00a0(Argentine) et\u00a0<em>Las Almas<\/em>\u00a0(Argentine). Et dans la salle de projection de la Grande Biblioth\u00e8que, le FIPA offre \u00e0 ses festivaliers une belle occasion de reprendre les \u0153uvres qui leur auront \u00e9chapp\u00e9 durant l\u2019ann\u00e9e, avec les films en lice pour le prix APTN qui y sont pr\u00e9sent\u00e9s.<\/p>\n<p>Et nous ne l\u2019avons pas encore dit, pour ses trente-cinq ans, Pr\u00e9sence autochtone se paie l\u2019Outremont, splendide salle historique o\u00f9 se tiendra l\u2019ouverture. Nos A\u00een\u00e9s y prendront alors la parole, l\u2019infatigable Sedalia Fazio, Kanyen,keh\u00e0:ka, battra tambour pour lancer le bal. Venu d\u2019Australie Bunna Lawrie, artiste et d\u00e9fenseur de l\u2019environnement, \u00e0 son tour saluera Montr\u00e9al, territoire autochtone. Et vendredi 8 ao\u00fbt, s\u2019y tiendra la grande premi\u00e8re mondiale du film\u00a0<em>Florent Vollant\u00a0: Innu<\/em>, film biographique r\u00e9alis\u00e9 par Isabelle Longnus sur ce g\u00e9ant des arts autochtones qui nous honorera de sa pr\u00e9sence.<\/p>\n<p>Dans le cadre de cet anniversaire, dont nous tirons grande fiert\u00e9, une exposition est en pr\u00e9paration \u00e0 la Grande Biblioth\u00e8que, pour souligner la continuit\u00e9 de l\u2019\u00e9v\u00e9nement.\u00a0\u00a0<em>Pr\u00e9sences autochtones : graphisme et cultures en miroir<\/em>, une exposition r\u00e9alis\u00e9e par BAnQ en partenariat avec Terres en vues et en collaboration avec la Soci\u00e9t\u00e9 des designers graphiques du Qu\u00e9bec. Du 1<sup>er<\/sup>\u00a0au 31 ao\u00fbt 2025.<\/p>\n<p>Bient\u00f4t s\u2019\u00e9l\u00e8vera le grand tipi embl\u00e9matique sur la place des Festivals, et autour duquel les tambours, les danses traditionnelles, les kiosques d\u2019artisan, une rampe de skateboard, et d\u2019autres activit\u00e9s, vont inviter les petits et les grands \u00e0 la f\u00eate. Eh oui, les petits aussi puisque des activit\u00e9s matinales ont \u00e9t\u00e9 pr\u00e9vues avec les camps de jour.<br \/>\nLe festival se terminera officiellement avec la projection du long m\u00e9trage\u00a0<em>Free Leonard Peltier<\/em>. Prisonnier politique reconnu comme tel par Amnistie internationale, ce grand leader autochtone continue, depuis peu \u00e0 domicile, son incarc\u00e9ration de plus de cinquante ans. Car, l\u2019oppression et le colonialisme sont encore des forces agissantes, parfois au travers des traumatismes interg\u00e9n\u00e9rationnels. Il faut aussi mentionner\u00a0<em>Genocide in the Wildflower State<\/em>, un film australien sur les pensionnats autochtones. Les m\u00e9thodes et les cons\u00e9quences de l\u2019\u00e9tablissement de ces camps de concentration pour enfants sont les m\u00eames l\u00e0-bas que ce qu\u2019elles ont \u00e9t\u00e9 et qu\u2019elles sont encore, ici-m\u00eame au Canada.<\/p>\n<p>Mais, au-del\u00e0 de ses dates reconnues, le FIPA se fait nomade et se permet d\u2019all\u00e8gres sorties hors de ses ancrages habituels. Ainsi, plusieurs concerts se tiendront aux Jardins Gamelin\u00a0: Pako, Esther Willow, Malorie Picard, Eads\u00e9, notamment, vont en \u00eatre pendant tout le mois d\u2019ao\u00fbt. Ceci, gr\u00e2ce \u00e0 une collaboration avec le PQDS \u00e0 qui nous disons merci.<\/p>\n<p>Et il y a les expos qu\u2019on pourra voir durant tout le mois d\u2019ao\u00fbt,\u00a0<em>Tshitauhitin nimushianassina<\/em><em>\u00a0Nitawihewan nipakekineskisin\/Je te pre\u0302te mes mocassins : parcours de femmes autochtones a\u0300 Roberval<\/em>, \u00e0 la maison du d\u00e9veloppement durable. Quand les oiseaux\u00a0<em>reviennent<\/em>, rassemblant plus de 25 artistes issus des nations inuites autour de la th\u00e9matique des oiseaux, du 31 juillet au 13 septembre 2025 \u00e0 la Guilde.<br \/>\nEt puis des projections de films \u00e0 Kahnawake en collaboration avec le centre culturel et le Eastern Connection Film Festival. Et des films qui seront pr\u00e9sent\u00e9s \u00e0 ICI TOU.TV.<br \/>\nMais c\u2019est surtout dans le c\u0153ur et les esprits que se prolongera le FIPA. Le souffle de camaraderie interculturelle, le souvenir de rencontres inoubliables, l\u2019empreinte de notre r\u00e9sistance joyeuse qui fait de nous tous d\u2019heureux et paisibles r\u00e9sistants, pour toujours imperm\u00e9ables aux appels du n\u00e9ofascisme trumpien, qui vit son dernier souffle.<\/p>\n<p>Avec Captain Turtle Island comme figure de proue, nous mettons fi\u00e8rement le cap sur un autre 35 ans de Pr\u00e9sence autochtone.<\/p>\n<p>&nbsp;<\/p>\n<h3 style=\"text-align: center;\">Spectacles sur sc\u00e8ne<br \/>\n<a href=\"https:\/\/presenceautochtone.ca\/archives\/2025\/wp-content\/uploads\/2025\/07\/CMQ-FIFA-Spectacles-2025.pdf\" target=\"_blank\" rel=\"noopener\">T\u00e9l\u00e9charger<\/a><\/h3>\n<h3 style=\"text-align: center;\">Dix films phares<br \/>\n<a href=\"https:\/\/presenceautochtone.ca\/archives\/2025\/wp-content\/uploads\/2025\/07\/FIFA-Dix-films-phares-2025.pdf\" target=\"_blank\" rel=\"noopener\">T\u00e9l\u00e9charger<\/a><\/h3>\n<p>&nbsp;<\/p>\n","protected":false},"excerpt":{"rendered":"<p>Voir la programmation compl\u00e8te ici &nbsp; Pr\u00e9sence autochtone, une d\u00e9ferlante \u00e0 Montr\u00e9al \u2013 Du 5 au 14 ao\u00fbt Montr\u00e9al, le 16 juillet 2025. La d\u00e9ferlante pr\u00e9sence autochtone s\u2019annonce pour ao\u00fbt 2025 \u00e0 Montr\u00e9al. La vague de cr\u00e9ativit\u00e9 qui se l\u00e8ve chez les peuples autochtones du monde, porteurs de tradition mill\u00e9naires et de visions proph\u00e9tiques, am\u00e8nera [&hellip;]<\/p>\n","protected":false},"author":4,"featured_media":0,"parent":2822,"menu_order":22,"comment_status":"closed","ping_status":"closed","template":"","meta":{"_acf_changed":false,"footnotes":""},"class_list":["post-12861","page","type-page","status-publish","hentry"],"acf":[],"yoast_head":"<!-- This site is optimized with the Yoast SEO plugin v27.3 - https:\/\/yoast.com\/product\/yoast-seo-wordpress\/ -->\n<title>Une d\u00e9ferlante \u00e0 Montr\u00e9al - Pr\u00e9sence Autochtone<\/title>\n<meta name=\"robots\" content=\"noindex, follow, max-snippet:-1, max-image-preview:large, max-video-preview:-1\" \/>\n<meta property=\"og:locale\" content=\"fr_FR\" \/>\n<meta property=\"og:type\" content=\"article\" \/>\n<meta property=\"og:title\" content=\"Une d\u00e9ferlante \u00e0 Montr\u00e9al - Pr\u00e9sence Autochtone\" \/>\n<meta property=\"og:description\" content=\"Voir la programmation compl\u00e8te ici &nbsp; Pr\u00e9sence autochtone, une d\u00e9ferlante \u00e0 Montr\u00e9al \u2013 Du 5 au 14 ao\u00fbt Montr\u00e9al, le 16 juillet 2025. La d\u00e9ferlante pr\u00e9sence autochtone s\u2019annonce pour ao\u00fbt 2025 \u00e0 Montr\u00e9al. La vague de cr\u00e9ativit\u00e9 qui se l\u00e8ve chez les peuples autochtones du monde, porteurs de tradition mill\u00e9naires et de visions proph\u00e9tiques, am\u00e8nera [&hellip;]\" \/>\n<meta property=\"og:url\" content=\"https:\/\/presenceautochtone.ca\/archives\/2025\/festival\/une-deferlante-a-montreal\/\" \/>\n<meta property=\"og:site_name\" content=\"Pr\u00e9sence Autochtone\" \/>\n<meta property=\"article:modified_time\" content=\"2025-07-23T17:00:45+00:00\" \/>\n<meta property=\"og:image\" content=\"https:\/\/presenceautochtone.ca\/archives\/2025\/wp-content\/uploads\/2025\/07\/Chef-urbain-35e-fond-transparent.png\" \/>\n\t<meta property=\"og:image:width\" content=\"1000\" \/>\n\t<meta property=\"og:image:height\" content=\"1000\" \/>\n\t<meta property=\"og:image:type\" content=\"image\/png\" \/>\n<meta name=\"twitter:card\" content=\"summary_large_image\" \/>\n<meta name=\"twitter:label1\" content=\"Dur\u00e9e de lecture estim\u00e9e\" \/>\n\t<meta name=\"twitter:data1\" content=\"8 minutes\" \/>\n<script type=\"application\/ld+json\" class=\"yoast-schema-graph\">{\"@context\":\"https:\\\/\\\/schema.org\",\"@graph\":[{\"@type\":\"WebPage\",\"@id\":\"https:\\\/\\\/presenceautochtone.ca\\\/archives\\\/2025\\\/festival\\\/une-deferlante-a-montreal\\\/\",\"url\":\"https:\\\/\\\/presenceautochtone.ca\\\/archives\\\/2025\\\/festival\\\/une-deferlante-a-montreal\\\/\",\"name\":\"Une d\u00e9ferlante \u00e0 Montr\u00e9al - Pr\u00e9sence Autochtone\",\"isPartOf\":{\"@id\":\"https:\\\/\\\/presenceautochtone.ca\\\/archives\\\/2025\\\/#website\"},\"primaryImageOfPage\":{\"@id\":\"https:\\\/\\\/presenceautochtone.ca\\\/archives\\\/2025\\\/festival\\\/une-deferlante-a-montreal\\\/#primaryimage\"},\"image\":{\"@id\":\"https:\\\/\\\/presenceautochtone.ca\\\/archives\\\/2025\\\/festival\\\/une-deferlante-a-montreal\\\/#primaryimage\"},\"thumbnailUrl\":\"https:\\\/\\\/presenceautochtone.ca\\\/archives\\\/2025\\\/wp-content\\\/uploads\\\/2025\\\/07\\\/Chef-urbain-35e-fond-transparent-300x300.png\",\"datePublished\":\"2025-07-18T22:09:00+00:00\",\"dateModified\":\"2025-07-23T17:00:45+00:00\",\"breadcrumb\":{\"@id\":\"https:\\\/\\\/presenceautochtone.ca\\\/archives\\\/2025\\\/festival\\\/une-deferlante-a-montreal\\\/#breadcrumb\"},\"inLanguage\":\"fr-FR\",\"potentialAction\":[{\"@type\":\"ReadAction\",\"target\":[\"https:\\\/\\\/presenceautochtone.ca\\\/archives\\\/2025\\\/festival\\\/une-deferlante-a-montreal\\\/\"]}]},{\"@type\":\"ImageObject\",\"inLanguage\":\"fr-FR\",\"@id\":\"https:\\\/\\\/presenceautochtone.ca\\\/archives\\\/2025\\\/festival\\\/une-deferlante-a-montreal\\\/#primaryimage\",\"url\":\"https:\\\/\\\/presenceautochtone.ca\\\/archives\\\/2025\\\/wp-content\\\/uploads\\\/2025\\\/07\\\/Chef-urbain-35e-fond-transparent.png\",\"contentUrl\":\"https:\\\/\\\/presenceautochtone.ca\\\/archives\\\/2025\\\/wp-content\\\/uploads\\\/2025\\\/07\\\/Chef-urbain-35e-fond-transparent.png\",\"width\":1000,\"height\":1000},{\"@type\":\"BreadcrumbList\",\"@id\":\"https:\\\/\\\/presenceautochtone.ca\\\/archives\\\/2025\\\/festival\\\/une-deferlante-a-montreal\\\/#breadcrumb\",\"itemListElement\":[{\"@type\":\"ListItem\",\"position\":1,\"name\":\"Home\",\"item\":\"https:\\\/\\\/presenceautochtone.ca\\\/archives\\\/2025\\\/\"},{\"@type\":\"ListItem\",\"position\":2,\"name\":\"Festival\",\"item\":\"https:\\\/\\\/presenceautochtone.ca\\\/archives\\\/2025\\\/festival\\\/\"},{\"@type\":\"ListItem\",\"position\":3,\"name\":\"Une d\u00e9ferlante \u00e0 Montr\u00e9al\"}]},{\"@type\":\"WebSite\",\"@id\":\"https:\\\/\\\/presenceautochtone.ca\\\/archives\\\/2025\\\/#website\",\"url\":\"https:\\\/\\\/presenceautochtone.ca\\\/archives\\\/2025\\\/\",\"name\":\"Pr\u00e9sence Autochtone\",\"description\":\"\",\"potentialAction\":[{\"@type\":\"SearchAction\",\"target\":{\"@type\":\"EntryPoint\",\"urlTemplate\":\"https:\\\/\\\/presenceautochtone.ca\\\/archives\\\/2025\\\/?s={search_term_string}\"},\"query-input\":{\"@type\":\"PropertyValueSpecification\",\"valueRequired\":true,\"valueName\":\"search_term_string\"}}],\"inLanguage\":\"fr-FR\"}]}<\/script>\n<!-- \/ Yoast SEO plugin. -->","yoast_head_json":{"title":"Une d\u00e9ferlante \u00e0 Montr\u00e9al - Pr\u00e9sence Autochtone","robots":{"index":"noindex","follow":"follow","max-snippet":"max-snippet:-1","max-image-preview":"max-image-preview:large","max-video-preview":"max-video-preview:-1"},"og_locale":"fr_FR","og_type":"article","og_title":"Une d\u00e9ferlante \u00e0 Montr\u00e9al - Pr\u00e9sence Autochtone","og_description":"Voir la programmation compl\u00e8te ici &nbsp; Pr\u00e9sence autochtone, une d\u00e9ferlante \u00e0 Montr\u00e9al \u2013 Du 5 au 14 ao\u00fbt Montr\u00e9al, le 16 juillet 2025. La d\u00e9ferlante pr\u00e9sence autochtone s\u2019annonce pour ao\u00fbt 2025 \u00e0 Montr\u00e9al. La vague de cr\u00e9ativit\u00e9 qui se l\u00e8ve chez les peuples autochtones du monde, porteurs de tradition mill\u00e9naires et de visions proph\u00e9tiques, am\u00e8nera [&hellip;]","og_url":"https:\/\/presenceautochtone.ca\/archives\/2025\/festival\/une-deferlante-a-montreal\/","og_site_name":"Pr\u00e9sence Autochtone","article_modified_time":"2025-07-23T17:00:45+00:00","og_image":[{"width":1000,"height":1000,"url":"https:\/\/presenceautochtone.ca\/archives\/2025\/wp-content\/uploads\/2025\/07\/Chef-urbain-35e-fond-transparent.png","type":"image\/png"}],"twitter_card":"summary_large_image","twitter_misc":{"Dur\u00e9e de lecture estim\u00e9e":"8 minutes"},"schema":{"@context":"https:\/\/schema.org","@graph":[{"@type":"WebPage","@id":"https:\/\/presenceautochtone.ca\/archives\/2025\/festival\/une-deferlante-a-montreal\/","url":"https:\/\/presenceautochtone.ca\/archives\/2025\/festival\/une-deferlante-a-montreal\/","name":"Une d\u00e9ferlante \u00e0 Montr\u00e9al - Pr\u00e9sence Autochtone","isPartOf":{"@id":"https:\/\/presenceautochtone.ca\/archives\/2025\/#website"},"primaryImageOfPage":{"@id":"https:\/\/presenceautochtone.ca\/archives\/2025\/festival\/une-deferlante-a-montreal\/#primaryimage"},"image":{"@id":"https:\/\/presenceautochtone.ca\/archives\/2025\/festival\/une-deferlante-a-montreal\/#primaryimage"},"thumbnailUrl":"https:\/\/presenceautochtone.ca\/archives\/2025\/wp-content\/uploads\/2025\/07\/Chef-urbain-35e-fond-transparent-300x300.png","datePublished":"2025-07-18T22:09:00+00:00","dateModified":"2025-07-23T17:00:45+00:00","breadcrumb":{"@id":"https:\/\/presenceautochtone.ca\/archives\/2025\/festival\/une-deferlante-a-montreal\/#breadcrumb"},"inLanguage":"fr-FR","potentialAction":[{"@type":"ReadAction","target":["https:\/\/presenceautochtone.ca\/archives\/2025\/festival\/une-deferlante-a-montreal\/"]}]},{"@type":"ImageObject","inLanguage":"fr-FR","@id":"https:\/\/presenceautochtone.ca\/archives\/2025\/festival\/une-deferlante-a-montreal\/#primaryimage","url":"https:\/\/presenceautochtone.ca\/archives\/2025\/wp-content\/uploads\/2025\/07\/Chef-urbain-35e-fond-transparent.png","contentUrl":"https:\/\/presenceautochtone.ca\/archives\/2025\/wp-content\/uploads\/2025\/07\/Chef-urbain-35e-fond-transparent.png","width":1000,"height":1000},{"@type":"BreadcrumbList","@id":"https:\/\/presenceautochtone.ca\/archives\/2025\/festival\/une-deferlante-a-montreal\/#breadcrumb","itemListElement":[{"@type":"ListItem","position":1,"name":"Home","item":"https:\/\/presenceautochtone.ca\/archives\/2025\/"},{"@type":"ListItem","position":2,"name":"Festival","item":"https:\/\/presenceautochtone.ca\/archives\/2025\/festival\/"},{"@type":"ListItem","position":3,"name":"Une d\u00e9ferlante \u00e0 Montr\u00e9al"}]},{"@type":"WebSite","@id":"https:\/\/presenceautochtone.ca\/archives\/2025\/#website","url":"https:\/\/presenceautochtone.ca\/archives\/2025\/","name":"Pr\u00e9sence Autochtone","description":"","potentialAction":[{"@type":"SearchAction","target":{"@type":"EntryPoint","urlTemplate":"https:\/\/presenceautochtone.ca\/archives\/2025\/?s={search_term_string}"},"query-input":{"@type":"PropertyValueSpecification","valueRequired":true,"valueName":"search_term_string"}}],"inLanguage":"fr-FR"}]}},"_links":{"self":[{"href":"https:\/\/presenceautochtone.ca\/archives\/2025\/wp-json\/wp\/v2\/pages\/12861","targetHints":{"allow":["GET"]}}],"collection":[{"href":"https:\/\/presenceautochtone.ca\/archives\/2025\/wp-json\/wp\/v2\/pages"}],"about":[{"href":"https:\/\/presenceautochtone.ca\/archives\/2025\/wp-json\/wp\/v2\/types\/page"}],"author":[{"embeddable":true,"href":"https:\/\/presenceautochtone.ca\/archives\/2025\/wp-json\/wp\/v2\/users\/4"}],"replies":[{"embeddable":true,"href":"https:\/\/presenceautochtone.ca\/archives\/2025\/wp-json\/wp\/v2\/comments?post=12861"}],"version-history":[{"count":5,"href":"https:\/\/presenceautochtone.ca\/archives\/2025\/wp-json\/wp\/v2\/pages\/12861\/revisions"}],"predecessor-version":[{"id":13506,"href":"https:\/\/presenceautochtone.ca\/archives\/2025\/wp-json\/wp\/v2\/pages\/12861\/revisions\/13506"}],"up":[{"embeddable":true,"href":"https:\/\/presenceautochtone.ca\/archives\/2025\/wp-json\/wp\/v2\/pages\/2822"}],"wp:attachment":[{"href":"https:\/\/presenceautochtone.ca\/archives\/2025\/wp-json\/wp\/v2\/media?parent=12861"}],"curies":[{"name":"wp","href":"https:\/\/api.w.org\/{rel}","templated":true}]}}