{"id":9563,"date":"2024-06-01T17:46:43","date_gmt":"2024-06-01T21:46:43","guid":{"rendered":"https:\/\/presenceautochtone.ca\/?page_id=9563"},"modified":"2024-07-22T20:27:04","modified_gmt":"2024-07-23T00:27:04","slug":"le-festival-2024","status":"publish","type":"page","link":"https:\/\/presenceautochtone.ca\/archives\/2024\/festival\/le-festival-2024\/","title":{"rendered":"Le festival 2024"},"content":{"rendered":"<p style=\"text-align: center;\"><strong>Hissez les couleurs, haut et fort! <\/strong><\/p>\n<p>L\u2019art autochtone, bien trop longtemps refoul\u00e9 et oubli\u00e9 dans ses tranch\u00e9es, \u00e9merge en beaut\u00e9 et reprend all\u00e8grement le dessus du pav\u00e9. Au son du tambour, s\u2019\u00e9branle une joyeuse cohorte portant les \u00e9tendards de cultures aux longues et anciennes racines, qui refleurissent fi\u00e8rement dans le paysage montr\u00e9alais. Anciennes et pourtant neuves, elles pavoisent au souffle nouveau qui les anime, quand Pr\u00e9sence autochtone bat son plein. Heureux festivaliers, en ao\u00fbt 2024, voici en cin\u00e9ma, en musique, en chanson et en beaut\u00e9, les cr\u00e9ations issues d\u2019une ind\u00e9racinable r\u00e9silience venue du c\u0153ur-m\u00eame de la Terre M\u00e8re.<\/p>\n<p style=\"text-align: center;\"><img loading=\"lazy\" decoding=\"async\" class=\"wp-image-9565 size-full alignnone aligncenter\" src=\"https:\/\/presenceautochtone.ca\/archives\/2024\/wp-content\/uploads\/2024\/06\/pa-2024-affiche-1024-pour-site.jpg\" alt=\"\" width=\"683\" height=\"1024\" srcset=\"https:\/\/presenceautochtone.ca\/archives\/2024\/wp-content\/uploads\/2024\/06\/pa-2024-affiche-1024-pour-site.jpg 683w, https:\/\/presenceautochtone.ca\/archives\/2024\/wp-content\/uploads\/2024\/06\/pa-2024-affiche-1024-pour-site-200x300.jpg 200w, https:\/\/presenceautochtone.ca\/archives\/2024\/wp-content\/uploads\/2024\/06\/pa-2024-affiche-1024-pour-site-640x960.jpg 640w\" sizes=\"auto, (max-width: 683px) 100vw, 683px\" \/><\/p>\n<h2 style=\"text-align: center;\"><a href=\"https:\/\/presenceautochtone.ca\/archives\/2024\/festival\/calendrier\/\"><strong>Voir la programmation compl\u00e8te ici<\/strong><\/a><\/h2>\n","protected":false},"excerpt":{"rendered":"<p>Hissez les couleurs, haut et fort! L\u2019art autochtone, bien trop longtemps refoul\u00e9 et oubli\u00e9 dans ses tranch\u00e9es, \u00e9merge en beaut\u00e9 et reprend all\u00e8grement le dessus du pav\u00e9. Au son du tambour, s\u2019\u00e9branle une joyeuse cohorte portant les \u00e9tendards de cultures aux longues et anciennes racines, qui refleurissent fi\u00e8rement dans le paysage montr\u00e9alais. Anciennes et pourtant [&hellip;]<\/p>\n","protected":false},"author":4,"featured_media":0,"parent":2822,"menu_order":0,"comment_status":"closed","ping_status":"closed","template":"","meta":{"_acf_changed":false,"footnotes":""},"class_list":["post-9563","page","type-page","status-publish","hentry"],"acf":[],"yoast_head":"<!-- This site is optimized with the Yoast SEO plugin v27.3 - https:\/\/yoast.com\/product\/yoast-seo-wordpress\/ -->\n<title>Le festival 2024 - Pr\u00e9sence Autochtone<\/title>\n<meta name=\"robots\" content=\"noindex, follow, max-snippet:-1, max-image-preview:large, max-video-preview:-1\" \/>\n<meta property=\"og:locale\" content=\"fr_FR\" \/>\n<meta property=\"og:type\" content=\"article\" \/>\n<meta property=\"og:title\" content=\"Le festival 2024 - Pr\u00e9sence Autochtone\" \/>\n<meta property=\"og:description\" content=\"Hissez les couleurs, haut et fort! L\u2019art autochtone, bien trop longtemps refoul\u00e9 et oubli\u00e9 dans ses tranch\u00e9es, \u00e9merge en beaut\u00e9 et reprend all\u00e8grement le dessus du pav\u00e9. Au son du tambour, s\u2019\u00e9branle une joyeuse cohorte portant les \u00e9tendards de cultures aux longues et anciennes racines, qui refleurissent fi\u00e8rement dans le paysage montr\u00e9alais. Anciennes et pourtant [&hellip;]\" \/>\n<meta property=\"og:url\" content=\"https:\/\/presenceautochtone.ca\/archives\/2024\/festival\/le-festival-2024\/\" \/>\n<meta property=\"og:site_name\" content=\"Pr\u00e9sence Autochtone\" \/>\n<meta property=\"article:modified_time\" content=\"2024-07-23T00:27:04+00:00\" \/>\n<meta property=\"og:image\" content=\"https:\/\/presenceautochtone.ca\/archives\/2024\/wp-content\/uploads\/2024\/06\/pa-2024-affiche-1024-pour-site.jpg\" \/>\n<meta name=\"twitter:card\" content=\"summary_large_image\" \/>\n<meta name=\"twitter:label1\" content=\"Dur\u00e9e de lecture estim\u00e9e\" \/>\n\t<meta name=\"twitter:data1\" content=\"1 minute\" \/>\n<script type=\"application\/ld+json\" class=\"yoast-schema-graph\">{\"@context\":\"https:\\\/\\\/schema.org\",\"@graph\":[{\"@type\":\"WebPage\",\"@id\":\"https:\\\/\\\/presenceautochtone.ca\\\/archives\\\/2024\\\/festival\\\/le-festival-2024\\\/\",\"url\":\"https:\\\/\\\/presenceautochtone.ca\\\/archives\\\/2024\\\/festival\\\/le-festival-2024\\\/\",\"name\":\"Le festival 2024 - Pr\u00e9sence Autochtone\",\"isPartOf\":{\"@id\":\"https:\\\/\\\/presenceautochtone.ca\\\/archives\\\/2024\\\/#website\"},\"primaryImageOfPage\":{\"@id\":\"https:\\\/\\\/presenceautochtone.ca\\\/archives\\\/2024\\\/festival\\\/le-festival-2024\\\/#primaryimage\"},\"image\":{\"@id\":\"https:\\\/\\\/presenceautochtone.ca\\\/archives\\\/2024\\\/festival\\\/le-festival-2024\\\/#primaryimage\"},\"thumbnailUrl\":\"https:\\\/\\\/presenceautochtone.ca\\\/archives\\\/2024\\\/wp-content\\\/uploads\\\/2024\\\/06\\\/pa-2024-affiche-1024-pour-site.jpg\",\"datePublished\":\"2024-06-01T21:46:43+00:00\",\"dateModified\":\"2024-07-23T00:27:04+00:00\",\"breadcrumb\":{\"@id\":\"https:\\\/\\\/presenceautochtone.ca\\\/archives\\\/2024\\\/festival\\\/le-festival-2024\\\/#breadcrumb\"},\"inLanguage\":\"fr-FR\",\"potentialAction\":[{\"@type\":\"ReadAction\",\"target\":[\"https:\\\/\\\/presenceautochtone.ca\\\/archives\\\/2024\\\/festival\\\/le-festival-2024\\\/\"]}]},{\"@type\":\"ImageObject\",\"inLanguage\":\"fr-FR\",\"@id\":\"https:\\\/\\\/presenceautochtone.ca\\\/archives\\\/2024\\\/festival\\\/le-festival-2024\\\/#primaryimage\",\"url\":\"https:\\\/\\\/presenceautochtone.ca\\\/archives\\\/2024\\\/wp-content\\\/uploads\\\/2024\\\/06\\\/pa-2024-affiche-1024-pour-site.jpg\",\"contentUrl\":\"https:\\\/\\\/presenceautochtone.ca\\\/archives\\\/2024\\\/wp-content\\\/uploads\\\/2024\\\/06\\\/pa-2024-affiche-1024-pour-site.jpg\",\"width\":683,\"height\":1024},{\"@type\":\"BreadcrumbList\",\"@id\":\"https:\\\/\\\/presenceautochtone.ca\\\/archives\\\/2024\\\/festival\\\/le-festival-2024\\\/#breadcrumb\",\"itemListElement\":[{\"@type\":\"ListItem\",\"position\":1,\"name\":\"Home\",\"item\":\"https:\\\/\\\/presenceautochtone.ca\\\/archives\\\/2024\\\/\"},{\"@type\":\"ListItem\",\"position\":2,\"name\":\"Festival\",\"item\":\"https:\\\/\\\/presenceautochtone.ca\\\/archives\\\/2024\\\/festival\\\/\"},{\"@type\":\"ListItem\",\"position\":3,\"name\":\"Le festival 2024\"}]},{\"@type\":\"WebSite\",\"@id\":\"https:\\\/\\\/presenceautochtone.ca\\\/archives\\\/2024\\\/#website\",\"url\":\"https:\\\/\\\/presenceautochtone.ca\\\/archives\\\/2024\\\/\",\"name\":\"Pr\u00e9sence Autochtone\",\"description\":\"\",\"potentialAction\":[{\"@type\":\"SearchAction\",\"target\":{\"@type\":\"EntryPoint\",\"urlTemplate\":\"https:\\\/\\\/presenceautochtone.ca\\\/archives\\\/2024\\\/?s={search_term_string}\"},\"query-input\":{\"@type\":\"PropertyValueSpecification\",\"valueRequired\":true,\"valueName\":\"search_term_string\"}}],\"inLanguage\":\"fr-FR\"}]}<\/script>\n<!-- \/ Yoast SEO plugin. -->","yoast_head_json":{"title":"Le festival 2024 - Pr\u00e9sence Autochtone","robots":{"index":"noindex","follow":"follow","max-snippet":"max-snippet:-1","max-image-preview":"max-image-preview:large","max-video-preview":"max-video-preview:-1"},"og_locale":"fr_FR","og_type":"article","og_title":"Le festival 2024 - Pr\u00e9sence Autochtone","og_description":"Hissez les couleurs, haut et fort! L\u2019art autochtone, bien trop longtemps refoul\u00e9 et oubli\u00e9 dans ses tranch\u00e9es, \u00e9merge en beaut\u00e9 et reprend all\u00e8grement le dessus du pav\u00e9. Au son du tambour, s\u2019\u00e9branle une joyeuse cohorte portant les \u00e9tendards de cultures aux longues et anciennes racines, qui refleurissent fi\u00e8rement dans le paysage montr\u00e9alais. Anciennes et pourtant [&hellip;]","og_url":"https:\/\/presenceautochtone.ca\/archives\/2024\/festival\/le-festival-2024\/","og_site_name":"Pr\u00e9sence Autochtone","article_modified_time":"2024-07-23T00:27:04+00:00","og_image":[{"url":"https:\/\/presenceautochtone.ca\/archives\/2024\/wp-content\/uploads\/2024\/06\/pa-2024-affiche-1024-pour-site.jpg","type":"","width":"","height":""}],"twitter_card":"summary_large_image","twitter_misc":{"Dur\u00e9e de lecture estim\u00e9e":"1 minute"},"schema":{"@context":"https:\/\/schema.org","@graph":[{"@type":"WebPage","@id":"https:\/\/presenceautochtone.ca\/archives\/2024\/festival\/le-festival-2024\/","url":"https:\/\/presenceautochtone.ca\/archives\/2024\/festival\/le-festival-2024\/","name":"Le festival 2024 - Pr\u00e9sence Autochtone","isPartOf":{"@id":"https:\/\/presenceautochtone.ca\/archives\/2024\/#website"},"primaryImageOfPage":{"@id":"https:\/\/presenceautochtone.ca\/archives\/2024\/festival\/le-festival-2024\/#primaryimage"},"image":{"@id":"https:\/\/presenceautochtone.ca\/archives\/2024\/festival\/le-festival-2024\/#primaryimage"},"thumbnailUrl":"https:\/\/presenceautochtone.ca\/archives\/2024\/wp-content\/uploads\/2024\/06\/pa-2024-affiche-1024-pour-site.jpg","datePublished":"2024-06-01T21:46:43+00:00","dateModified":"2024-07-23T00:27:04+00:00","breadcrumb":{"@id":"https:\/\/presenceautochtone.ca\/archives\/2024\/festival\/le-festival-2024\/#breadcrumb"},"inLanguage":"fr-FR","potentialAction":[{"@type":"ReadAction","target":["https:\/\/presenceautochtone.ca\/archives\/2024\/festival\/le-festival-2024\/"]}]},{"@type":"ImageObject","inLanguage":"fr-FR","@id":"https:\/\/presenceautochtone.ca\/archives\/2024\/festival\/le-festival-2024\/#primaryimage","url":"https:\/\/presenceautochtone.ca\/archives\/2024\/wp-content\/uploads\/2024\/06\/pa-2024-affiche-1024-pour-site.jpg","contentUrl":"https:\/\/presenceautochtone.ca\/archives\/2024\/wp-content\/uploads\/2024\/06\/pa-2024-affiche-1024-pour-site.jpg","width":683,"height":1024},{"@type":"BreadcrumbList","@id":"https:\/\/presenceautochtone.ca\/archives\/2024\/festival\/le-festival-2024\/#breadcrumb","itemListElement":[{"@type":"ListItem","position":1,"name":"Home","item":"https:\/\/presenceautochtone.ca\/archives\/2024\/"},{"@type":"ListItem","position":2,"name":"Festival","item":"https:\/\/presenceautochtone.ca\/archives\/2024\/festival\/"},{"@type":"ListItem","position":3,"name":"Le festival 2024"}]},{"@type":"WebSite","@id":"https:\/\/presenceautochtone.ca\/archives\/2024\/#website","url":"https:\/\/presenceautochtone.ca\/archives\/2024\/","name":"Pr\u00e9sence Autochtone","description":"","potentialAction":[{"@type":"SearchAction","target":{"@type":"EntryPoint","urlTemplate":"https:\/\/presenceautochtone.ca\/archives\/2024\/?s={search_term_string}"},"query-input":{"@type":"PropertyValueSpecification","valueRequired":true,"valueName":"search_term_string"}}],"inLanguage":"fr-FR"}]}},"_links":{"self":[{"href":"https:\/\/presenceautochtone.ca\/archives\/2024\/wp-json\/wp\/v2\/pages\/9563","targetHints":{"allow":["GET"]}}],"collection":[{"href":"https:\/\/presenceautochtone.ca\/archives\/2024\/wp-json\/wp\/v2\/pages"}],"about":[{"href":"https:\/\/presenceautochtone.ca\/archives\/2024\/wp-json\/wp\/v2\/types\/page"}],"author":[{"embeddable":true,"href":"https:\/\/presenceautochtone.ca\/archives\/2024\/wp-json\/wp\/v2\/users\/4"}],"replies":[{"embeddable":true,"href":"https:\/\/presenceautochtone.ca\/archives\/2024\/wp-json\/wp\/v2\/comments?post=9563"}],"version-history":[{"count":5,"href":"https:\/\/presenceautochtone.ca\/archives\/2024\/wp-json\/wp\/v2\/pages\/9563\/revisions"}],"predecessor-version":[{"id":10580,"href":"https:\/\/presenceautochtone.ca\/archives\/2024\/wp-json\/wp\/v2\/pages\/9563\/revisions\/10580"}],"up":[{"embeddable":true,"href":"https:\/\/presenceautochtone.ca\/archives\/2024\/wp-json\/wp\/v2\/pages\/2822"}],"wp:attachment":[{"href":"https:\/\/presenceautochtone.ca\/archives\/2024\/wp-json\/wp\/v2\/media?parent=9563"}],"curies":[{"name":"wp","href":"https:\/\/api.w.org\/{rel}","templated":true}]}}