{"id":6385,"date":"2023-04-18T12:42:58","date_gmt":"2023-04-18T16:42:58","guid":{"rendered":"https:\/\/presenceautochtone.ca\/?page_id=6385"},"modified":"2023-07-11T07:28:13","modified_gmt":"2023-07-11T11:28:13","slug":"le-festival-2023","status":"publish","type":"page","link":"https:\/\/presenceautochtone.ca\/archives\/2023\/festival\/le-festival-2023\/","title":{"rendered":"Le festival 2023"},"content":{"rendered":"<p style=\"text-align: center;\"><strong>Un tambour brandi au-dessus de John A MacDonald terrass\u00e9<\/strong><\/p>\n<p>Bien contemporain avec son skateboard, un jeune Autochtone fait une voltige au-dessus de la statue de John Alexander MacDonald, renvers\u00e9e par des militants anticoloniaux dans un sursaut citoyen d\u2019hygi\u00e8ne paysag\u00e8re. Le tambour \u00e0 la main, il incarne la renaissance des cultures autochtones alors que tombent un \u00e0 un les reliquats de l\u2019\u00e9poque ethnocidaire dont on commence enfin \u00a0\u00e0 s\u2019extirper.<\/p>\n<p>Le visuel du trente-troisi\u00e8me Festival international Pr\u00e9sence autochtone est une all\u00e8gre all\u00e9gorie, repr\u00e9sentation graphique de l\u2019\u00e9nergie de la jeunesse autochtone actuelle pleinement engag\u00e9e dans le mouvement\u00a0 plan\u00e9taire qui fait chuter les ind\u00e9cents reliquats marmor\u00e9ens du triomphalisme colonial et qui propulse les peuples originaires vers un futur r\u00e9concili\u00e9.<\/p>\n<p style=\"text-align: center;\"><img loading=\"lazy\" decoding=\"async\" class=\"alignnone wp-image-7232 size-large\" src=\"https:\/\/presenceautochtone.ca\/archives\/2023\/wp-content\/uploads\/2023\/07\/Affichette-PA-2023-85x11-2023-07-10-791x1024.jpg\" alt=\"\" width=\"791\" height=\"1024\" \/><\/p>\n<p style=\"text-align: center;\">\n","protected":false},"excerpt":{"rendered":"<p>Un tambour brandi au-dessus de John A MacDonald terrass\u00e9 Bien contemporain avec son skateboard, un jeune Autochtone fait une voltige au-dessus de la statue de John Alexander MacDonald, renvers\u00e9e par des militants anticoloniaux dans un sursaut citoyen d\u2019hygi\u00e8ne paysag\u00e8re. Le tambour \u00e0 la main, il incarne la renaissance des cultures autochtones alors que tombent un [&hellip;]<\/p>\n","protected":false},"author":3,"featured_media":0,"parent":2822,"menu_order":60,"comment_status":"closed","ping_status":"closed","template":"","meta":{"_acf_changed":false,"footnotes":""},"class_list":["post-6385","page","type-page","status-publish","hentry"],"acf":[],"yoast_head":"<!-- This site is optimized with the Yoast SEO plugin v27.3 - https:\/\/yoast.com\/product\/yoast-seo-wordpress\/ -->\n<title>Le festival 2023 - Pr\u00e9sence Autochtone<\/title>\n<meta name=\"robots\" content=\"index, follow, max-snippet:-1, max-image-preview:large, max-video-preview:-1\" \/>\n<link rel=\"canonical\" href=\"https:\/\/presenceautochtone.ca\/archives\/2023\/festival\/le-festival-2023\/\" \/>\n<meta property=\"og:locale\" content=\"fr_FR\" \/>\n<meta property=\"og:type\" content=\"article\" \/>\n<meta property=\"og:title\" content=\"Le festival 2023 - Pr\u00e9sence Autochtone\" \/>\n<meta property=\"og:description\" content=\"Un tambour brandi au-dessus de John A MacDonald terrass\u00e9 Bien contemporain avec son skateboard, un jeune Autochtone fait une voltige au-dessus de la statue de John Alexander MacDonald, renvers\u00e9e par des militants anticoloniaux dans un sursaut citoyen d\u2019hygi\u00e8ne paysag\u00e8re. Le tambour \u00e0 la main, il incarne la renaissance des cultures autochtones alors que tombent un [&hellip;]\" \/>\n<meta property=\"og:url\" content=\"https:\/\/presenceautochtone.ca\/archives\/2023\/festival\/le-festival-2023\/\" \/>\n<meta property=\"og:site_name\" content=\"Pr\u00e9sence Autochtone\" \/>\n<meta property=\"article:modified_time\" content=\"2023-07-11T11:28:13+00:00\" \/>\n<meta property=\"og:image\" content=\"https:\/\/presenceautochtone.ca\/archives\/2023\/wp-content\/uploads\/2023\/07\/Affichette-PA-2023-85x11-2023-07-10-791x1024.jpg\" \/>\n<meta name=\"twitter:card\" content=\"summary_large_image\" \/>\n<meta name=\"twitter:label1\" content=\"Dur\u00e9e de lecture estim\u00e9e\" \/>\n\t<meta name=\"twitter:data1\" content=\"1 minute\" \/>\n<script type=\"application\/ld+json\" class=\"yoast-schema-graph\">{\"@context\":\"https:\\\/\\\/schema.org\",\"@graph\":[{\"@type\":\"WebPage\",\"@id\":\"https:\\\/\\\/presenceautochtone.ca\\\/archives\\\/2023\\\/festival\\\/le-festival-2023\\\/\",\"url\":\"https:\\\/\\\/presenceautochtone.ca\\\/archives\\\/2023\\\/festival\\\/le-festival-2023\\\/\",\"name\":\"Le festival 2023 - Pr\u00e9sence Autochtone\",\"isPartOf\":{\"@id\":\"https:\\\/\\\/presenceautochtone.ca\\\/archives\\\/2023\\\/#website\"},\"primaryImageOfPage\":{\"@id\":\"https:\\\/\\\/presenceautochtone.ca\\\/archives\\\/2023\\\/festival\\\/le-festival-2023\\\/#primaryimage\"},\"image\":{\"@id\":\"https:\\\/\\\/presenceautochtone.ca\\\/archives\\\/2023\\\/festival\\\/le-festival-2023\\\/#primaryimage\"},\"thumbnailUrl\":\"https:\\\/\\\/presenceautochtone.ca\\\/archives\\\/2023\\\/wp-content\\\/uploads\\\/2023\\\/07\\\/Affichette-PA-2023-85x11-2023-07-10-791x1024.jpg\",\"datePublished\":\"2023-04-18T16:42:58+00:00\",\"dateModified\":\"2023-07-11T11:28:13+00:00\",\"breadcrumb\":{\"@id\":\"https:\\\/\\\/presenceautochtone.ca\\\/archives\\\/2023\\\/festival\\\/le-festival-2023\\\/#breadcrumb\"},\"inLanguage\":\"fr-FR\",\"potentialAction\":[{\"@type\":\"ReadAction\",\"target\":[\"https:\\\/\\\/presenceautochtone.ca\\\/archives\\\/2023\\\/festival\\\/le-festival-2023\\\/\"]}]},{\"@type\":\"ImageObject\",\"inLanguage\":\"fr-FR\",\"@id\":\"https:\\\/\\\/presenceautochtone.ca\\\/archives\\\/2023\\\/festival\\\/le-festival-2023\\\/#primaryimage\",\"url\":\"https:\\\/\\\/presenceautochtone.ca\\\/archives\\\/2023\\\/wp-content\\\/uploads\\\/2023\\\/07\\\/Affichette-PA-2023-85x11-2023-07-10-791x1024.jpg\",\"contentUrl\":\"https:\\\/\\\/presenceautochtone.ca\\\/archives\\\/2023\\\/wp-content\\\/uploads\\\/2023\\\/07\\\/Affichette-PA-2023-85x11-2023-07-10-791x1024.jpg\"},{\"@type\":\"BreadcrumbList\",\"@id\":\"https:\\\/\\\/presenceautochtone.ca\\\/archives\\\/2023\\\/festival\\\/le-festival-2023\\\/#breadcrumb\",\"itemListElement\":[{\"@type\":\"ListItem\",\"position\":1,\"name\":\"Home\",\"item\":\"https:\\\/\\\/presenceautochtone.ca\\\/archives\\\/2023\\\/\"},{\"@type\":\"ListItem\",\"position\":2,\"name\":\"Festival\",\"item\":\"https:\\\/\\\/presenceautochtone.ca\\\/archives\\\/2023\\\/festival\\\/\"},{\"@type\":\"ListItem\",\"position\":3,\"name\":\"Le festival 2023\"}]},{\"@type\":\"WebSite\",\"@id\":\"https:\\\/\\\/presenceautochtone.ca\\\/archives\\\/2023\\\/#website\",\"url\":\"https:\\\/\\\/presenceautochtone.ca\\\/archives\\\/2023\\\/\",\"name\":\"Pr\u00e9sence Autochtone\",\"description\":\"\",\"potentialAction\":[{\"@type\":\"SearchAction\",\"target\":{\"@type\":\"EntryPoint\",\"urlTemplate\":\"https:\\\/\\\/presenceautochtone.ca\\\/archives\\\/2023\\\/?s={search_term_string}\"},\"query-input\":{\"@type\":\"PropertyValueSpecification\",\"valueRequired\":true,\"valueName\":\"search_term_string\"}}],\"inLanguage\":\"fr-FR\"}]}<\/script>\n<!-- \/ Yoast SEO plugin. -->","yoast_head_json":{"title":"Le festival 2023 - Pr\u00e9sence Autochtone","robots":{"index":"index","follow":"follow","max-snippet":"max-snippet:-1","max-image-preview":"max-image-preview:large","max-video-preview":"max-video-preview:-1"},"canonical":"https:\/\/presenceautochtone.ca\/archives\/2023\/festival\/le-festival-2023\/","og_locale":"fr_FR","og_type":"article","og_title":"Le festival 2023 - Pr\u00e9sence Autochtone","og_description":"Un tambour brandi au-dessus de John A MacDonald terrass\u00e9 Bien contemporain avec son skateboard, un jeune Autochtone fait une voltige au-dessus de la statue de John Alexander MacDonald, renvers\u00e9e par des militants anticoloniaux dans un sursaut citoyen d\u2019hygi\u00e8ne paysag\u00e8re. Le tambour \u00e0 la main, il incarne la renaissance des cultures autochtones alors que tombent un [&hellip;]","og_url":"https:\/\/presenceautochtone.ca\/archives\/2023\/festival\/le-festival-2023\/","og_site_name":"Pr\u00e9sence Autochtone","article_modified_time":"2023-07-11T11:28:13+00:00","og_image":[{"url":"https:\/\/presenceautochtone.ca\/archives\/2023\/wp-content\/uploads\/2023\/07\/Affichette-PA-2023-85x11-2023-07-10-791x1024.jpg","type":"","width":"","height":""}],"twitter_card":"summary_large_image","twitter_misc":{"Dur\u00e9e de lecture estim\u00e9e":"1 minute"},"schema":{"@context":"https:\/\/schema.org","@graph":[{"@type":"WebPage","@id":"https:\/\/presenceautochtone.ca\/archives\/2023\/festival\/le-festival-2023\/","url":"https:\/\/presenceautochtone.ca\/archives\/2023\/festival\/le-festival-2023\/","name":"Le festival 2023 - Pr\u00e9sence Autochtone","isPartOf":{"@id":"https:\/\/presenceautochtone.ca\/archives\/2023\/#website"},"primaryImageOfPage":{"@id":"https:\/\/presenceautochtone.ca\/archives\/2023\/festival\/le-festival-2023\/#primaryimage"},"image":{"@id":"https:\/\/presenceautochtone.ca\/archives\/2023\/festival\/le-festival-2023\/#primaryimage"},"thumbnailUrl":"https:\/\/presenceautochtone.ca\/archives\/2023\/wp-content\/uploads\/2023\/07\/Affichette-PA-2023-85x11-2023-07-10-791x1024.jpg","datePublished":"2023-04-18T16:42:58+00:00","dateModified":"2023-07-11T11:28:13+00:00","breadcrumb":{"@id":"https:\/\/presenceautochtone.ca\/archives\/2023\/festival\/le-festival-2023\/#breadcrumb"},"inLanguage":"fr-FR","potentialAction":[{"@type":"ReadAction","target":["https:\/\/presenceautochtone.ca\/archives\/2023\/festival\/le-festival-2023\/"]}]},{"@type":"ImageObject","inLanguage":"fr-FR","@id":"https:\/\/presenceautochtone.ca\/archives\/2023\/festival\/le-festival-2023\/#primaryimage","url":"https:\/\/presenceautochtone.ca\/archives\/2023\/wp-content\/uploads\/2023\/07\/Affichette-PA-2023-85x11-2023-07-10-791x1024.jpg","contentUrl":"https:\/\/presenceautochtone.ca\/archives\/2023\/wp-content\/uploads\/2023\/07\/Affichette-PA-2023-85x11-2023-07-10-791x1024.jpg"},{"@type":"BreadcrumbList","@id":"https:\/\/presenceautochtone.ca\/archives\/2023\/festival\/le-festival-2023\/#breadcrumb","itemListElement":[{"@type":"ListItem","position":1,"name":"Home","item":"https:\/\/presenceautochtone.ca\/archives\/2023\/"},{"@type":"ListItem","position":2,"name":"Festival","item":"https:\/\/presenceautochtone.ca\/archives\/2023\/festival\/"},{"@type":"ListItem","position":3,"name":"Le festival 2023"}]},{"@type":"WebSite","@id":"https:\/\/presenceautochtone.ca\/archives\/2023\/#website","url":"https:\/\/presenceautochtone.ca\/archives\/2023\/","name":"Pr\u00e9sence Autochtone","description":"","potentialAction":[{"@type":"SearchAction","target":{"@type":"EntryPoint","urlTemplate":"https:\/\/presenceautochtone.ca\/archives\/2023\/?s={search_term_string}"},"query-input":{"@type":"PropertyValueSpecification","valueRequired":true,"valueName":"search_term_string"}}],"inLanguage":"fr-FR"}]}},"_links":{"self":[{"href":"https:\/\/presenceautochtone.ca\/archives\/2023\/wp-json\/wp\/v2\/pages\/6385","targetHints":{"allow":["GET"]}}],"collection":[{"href":"https:\/\/presenceautochtone.ca\/archives\/2023\/wp-json\/wp\/v2\/pages"}],"about":[{"href":"https:\/\/presenceautochtone.ca\/archives\/2023\/wp-json\/wp\/v2\/types\/page"}],"author":[{"embeddable":true,"href":"https:\/\/presenceautochtone.ca\/archives\/2023\/wp-json\/wp\/v2\/users\/3"}],"replies":[{"embeddable":true,"href":"https:\/\/presenceautochtone.ca\/archives\/2023\/wp-json\/wp\/v2\/comments?post=6385"}],"version-history":[{"count":5,"href":"https:\/\/presenceautochtone.ca\/archives\/2023\/wp-json\/wp\/v2\/pages\/6385\/revisions"}],"predecessor-version":[{"id":7234,"href":"https:\/\/presenceautochtone.ca\/archives\/2023\/wp-json\/wp\/v2\/pages\/6385\/revisions\/7234"}],"up":[{"embeddable":true,"href":"https:\/\/presenceautochtone.ca\/archives\/2023\/wp-json\/wp\/v2\/pages\/2822"}],"wp:attachment":[{"href":"https:\/\/presenceautochtone.ca\/archives\/2023\/wp-json\/wp\/v2\/media?parent=6385"}],"curies":[{"name":"wp","href":"https:\/\/api.w.org\/{rel}","templated":true}]}}