{"id":6275,"date":"2023-03-17T10:05:33","date_gmt":"2023-03-17T14:05:33","guid":{"rendered":"https:\/\/presenceautochtone.ca\/?page_id=6275"},"modified":"2023-08-01T11:12:11","modified_gmt":"2023-08-01T15:12:11","slug":"equipe-festival","status":"publish","type":"page","link":"https:\/\/presenceautochtone.ca\/archives\/2023\/festival\/equipe-festival\/","title":{"rendered":"\u00c9quipe festival"},"content":{"rendered":"<p>Le festival Pr\u00e9sence autochtone est\u00a0une r\u00e9alisation de Terres en vues, soci\u00e9t\u00e9\u00a0pour la diffusion de la culture autochtone<\/p>\n<h2>L\u2019\u00c9QUIPE<\/h2>\n<p>Andr\u00e9 Dudemaine, Gabrielle Pich\u00e9, Alexandre Nequado, Evelyne Boulanger, Paget Williams, Nicolas Welsh, Mary Ellen Davis, Magenta Baribeau, Neegan Sioui-Trudel, Kij\u00e2tai-Alexandra Veillette-Cheezo, Nicolas Ottawa, Esther Willow et Xavier Watso<\/p>\n<p><strong>Conception graphique<\/strong><br \/>\nSmartiz publicite\u0301 et graphisme<\/p>\n<p><strong>Conception visuelle de la sc\u00e9nographie de la place de Festivals<\/strong><\/p>\n<p><strong>Site Web<\/strong><br \/>\nSelectrum<\/p>\n<p><strong>Traduction<\/strong><br \/>\nMagenta Baribeau<\/p>\n<p><strong>Placements me\u0301dias, commandites\u00a0et relations internationales<\/strong><br \/>\nGabrielle Pich\u00e9<\/p>\n<p><strong>Photographe<\/strong><\/p>\n<p>Caroline Perron et Pascale M\u00e9thot<\/p>\n<p><strong>Projections murales<\/strong><\/p>\n<p>Daniel Bri\u00e8re et Martin Loft<\/p>\n","protected":false},"excerpt":{"rendered":"<p>Le festival Pr\u00e9sence autochtone est\u00a0une r\u00e9alisation de Terres en vues, soci\u00e9t\u00e9\u00a0pour la diffusion de la culture autochtone L\u2019\u00c9QUIPE Andr\u00e9 Dudemaine, Gabrielle Pich\u00e9, Alexandre Nequado, Evelyne Boulanger, Paget Williams, Nicolas Welsh, Mary Ellen Davis, Magenta Baribeau, Neegan Sioui-Trudel, Kij\u00e2tai-Alexandra Veillette-Cheezo, Nicolas Ottawa, Esther Willow et Xavier Watso Conception graphique Smartiz publicite\u0301 et graphisme Conception visuelle de [&hellip;]<\/p>\n","protected":false},"author":1,"featured_media":0,"parent":2822,"menu_order":39,"comment_status":"closed","ping_status":"closed","template":"","meta":{"_acf_changed":false,"footnotes":""},"class_list":["post-6275","page","type-page","status-publish","hentry"],"acf":[],"yoast_head":"<!-- This site is optimized with the Yoast SEO plugin v27.4 - https:\/\/yoast.com\/product\/yoast-seo-wordpress\/ -->\n<title>\u00c9quipe festival - Pr\u00e9sence Autochtone<\/title>\n<meta name=\"robots\" content=\"index, follow, max-snippet:-1, max-image-preview:large, max-video-preview:-1\" \/>\n<link rel=\"canonical\" href=\"https:\/\/presenceautochtone.ca\/archives\/2023\/festival\/equipe-festival\/\" \/>\n<meta property=\"og:locale\" content=\"fr_FR\" \/>\n<meta property=\"og:type\" content=\"article\" \/>\n<meta property=\"og:title\" content=\"\u00c9quipe festival - Pr\u00e9sence Autochtone\" \/>\n<meta property=\"og:description\" content=\"Le festival Pr\u00e9sence autochtone est\u00a0une r\u00e9alisation de Terres en vues, soci\u00e9t\u00e9\u00a0pour la diffusion de la culture autochtone L\u2019\u00c9QUIPE Andr\u00e9 Dudemaine, Gabrielle Pich\u00e9, Alexandre Nequado, Evelyne Boulanger, Paget Williams, Nicolas Welsh, Mary Ellen Davis, Magenta Baribeau, Neegan Sioui-Trudel, Kij\u00e2tai-Alexandra Veillette-Cheezo, Nicolas Ottawa, Esther Willow et Xavier Watso Conception graphique Smartiz publicite\u0301 et graphisme Conception visuelle de [&hellip;]\" \/>\n<meta property=\"og:url\" content=\"https:\/\/presenceautochtone.ca\/archives\/2023\/festival\/equipe-festival\/\" \/>\n<meta property=\"og:site_name\" content=\"Pr\u00e9sence Autochtone\" \/>\n<meta property=\"article:modified_time\" content=\"2023-08-01T15:12:11+00:00\" \/>\n<meta name=\"twitter:card\" content=\"summary_large_image\" \/>\n<meta name=\"twitter:label1\" content=\"Dur\u00e9e de lecture estim\u00e9e\" \/>\n\t<meta name=\"twitter:data1\" content=\"1 minute\" \/>\n<script type=\"application\/ld+json\" class=\"yoast-schema-graph\">{\"@context\":\"https:\\\/\\\/schema.org\",\"@graph\":[{\"@type\":\"WebPage\",\"@id\":\"https:\\\/\\\/presenceautochtone.ca\\\/archives\\\/2023\\\/festival\\\/equipe-festival\\\/\",\"url\":\"https:\\\/\\\/presenceautochtone.ca\\\/archives\\\/2023\\\/festival\\\/equipe-festival\\\/\",\"name\":\"\u00c9quipe festival - Pr\u00e9sence Autochtone\",\"isPartOf\":{\"@id\":\"https:\\\/\\\/presenceautochtone.ca\\\/archives\\\/2023\\\/#website\"},\"datePublished\":\"2023-03-17T14:05:33+00:00\",\"dateModified\":\"2023-08-01T15:12:11+00:00\",\"breadcrumb\":{\"@id\":\"https:\\\/\\\/presenceautochtone.ca\\\/archives\\\/2023\\\/festival\\\/equipe-festival\\\/#breadcrumb\"},\"inLanguage\":\"fr-FR\",\"potentialAction\":[{\"@type\":\"ReadAction\",\"target\":[\"https:\\\/\\\/presenceautochtone.ca\\\/archives\\\/2023\\\/festival\\\/equipe-festival\\\/\"]}]},{\"@type\":\"BreadcrumbList\",\"@id\":\"https:\\\/\\\/presenceautochtone.ca\\\/archives\\\/2023\\\/festival\\\/equipe-festival\\\/#breadcrumb\",\"itemListElement\":[{\"@type\":\"ListItem\",\"position\":1,\"name\":\"Home\",\"item\":\"https:\\\/\\\/presenceautochtone.ca\\\/archives\\\/2023\\\/\"},{\"@type\":\"ListItem\",\"position\":2,\"name\":\"Festival\",\"item\":\"https:\\\/\\\/presenceautochtone.ca\\\/archives\\\/2023\\\/festival\\\/\"},{\"@type\":\"ListItem\",\"position\":3,\"name\":\"\u00c9quipe festival\"}]},{\"@type\":\"WebSite\",\"@id\":\"https:\\\/\\\/presenceautochtone.ca\\\/archives\\\/2023\\\/#website\",\"url\":\"https:\\\/\\\/presenceautochtone.ca\\\/archives\\\/2023\\\/\",\"name\":\"Pr\u00e9sence Autochtone\",\"description\":\"\",\"potentialAction\":[{\"@type\":\"SearchAction\",\"target\":{\"@type\":\"EntryPoint\",\"urlTemplate\":\"https:\\\/\\\/presenceautochtone.ca\\\/archives\\\/2023\\\/?s={search_term_string}\"},\"query-input\":{\"@type\":\"PropertyValueSpecification\",\"valueRequired\":true,\"valueName\":\"search_term_string\"}}],\"inLanguage\":\"fr-FR\"}]}<\/script>\n<!-- \/ Yoast SEO plugin. -->","yoast_head_json":{"title":"\u00c9quipe festival - Pr\u00e9sence Autochtone","robots":{"index":"index","follow":"follow","max-snippet":"max-snippet:-1","max-image-preview":"max-image-preview:large","max-video-preview":"max-video-preview:-1"},"canonical":"https:\/\/presenceautochtone.ca\/archives\/2023\/festival\/equipe-festival\/","og_locale":"fr_FR","og_type":"article","og_title":"\u00c9quipe festival - Pr\u00e9sence Autochtone","og_description":"Le festival Pr\u00e9sence autochtone est\u00a0une r\u00e9alisation de Terres en vues, soci\u00e9t\u00e9\u00a0pour la diffusion de la culture autochtone L\u2019\u00c9QUIPE Andr\u00e9 Dudemaine, Gabrielle Pich\u00e9, Alexandre Nequado, Evelyne Boulanger, Paget Williams, Nicolas Welsh, Mary Ellen Davis, Magenta Baribeau, Neegan Sioui-Trudel, Kij\u00e2tai-Alexandra Veillette-Cheezo, Nicolas Ottawa, Esther Willow et Xavier Watso Conception graphique Smartiz publicite\u0301 et graphisme Conception visuelle de [&hellip;]","og_url":"https:\/\/presenceautochtone.ca\/archives\/2023\/festival\/equipe-festival\/","og_site_name":"Pr\u00e9sence Autochtone","article_modified_time":"2023-08-01T15:12:11+00:00","twitter_card":"summary_large_image","twitter_misc":{"Dur\u00e9e de lecture estim\u00e9e":"1 minute"},"schema":{"@context":"https:\/\/schema.org","@graph":[{"@type":"WebPage","@id":"https:\/\/presenceautochtone.ca\/archives\/2023\/festival\/equipe-festival\/","url":"https:\/\/presenceautochtone.ca\/archives\/2023\/festival\/equipe-festival\/","name":"\u00c9quipe festival - Pr\u00e9sence Autochtone","isPartOf":{"@id":"https:\/\/presenceautochtone.ca\/archives\/2023\/#website"},"datePublished":"2023-03-17T14:05:33+00:00","dateModified":"2023-08-01T15:12:11+00:00","breadcrumb":{"@id":"https:\/\/presenceautochtone.ca\/archives\/2023\/festival\/equipe-festival\/#breadcrumb"},"inLanguage":"fr-FR","potentialAction":[{"@type":"ReadAction","target":["https:\/\/presenceautochtone.ca\/archives\/2023\/festival\/equipe-festival\/"]}]},{"@type":"BreadcrumbList","@id":"https:\/\/presenceautochtone.ca\/archives\/2023\/festival\/equipe-festival\/#breadcrumb","itemListElement":[{"@type":"ListItem","position":1,"name":"Home","item":"https:\/\/presenceautochtone.ca\/archives\/2023\/"},{"@type":"ListItem","position":2,"name":"Festival","item":"https:\/\/presenceautochtone.ca\/archives\/2023\/festival\/"},{"@type":"ListItem","position":3,"name":"\u00c9quipe festival"}]},{"@type":"WebSite","@id":"https:\/\/presenceautochtone.ca\/archives\/2023\/#website","url":"https:\/\/presenceautochtone.ca\/archives\/2023\/","name":"Pr\u00e9sence Autochtone","description":"","potentialAction":[{"@type":"SearchAction","target":{"@type":"EntryPoint","urlTemplate":"https:\/\/presenceautochtone.ca\/archives\/2023\/?s={search_term_string}"},"query-input":{"@type":"PropertyValueSpecification","valueRequired":true,"valueName":"search_term_string"}}],"inLanguage":"fr-FR"}]}},"_links":{"self":[{"href":"https:\/\/presenceautochtone.ca\/archives\/2023\/wp-json\/wp\/v2\/pages\/6275","targetHints":{"allow":["GET"]}}],"collection":[{"href":"https:\/\/presenceautochtone.ca\/archives\/2023\/wp-json\/wp\/v2\/pages"}],"about":[{"href":"https:\/\/presenceautochtone.ca\/archives\/2023\/wp-json\/wp\/v2\/types\/page"}],"author":[{"embeddable":true,"href":"https:\/\/presenceautochtone.ca\/archives\/2023\/wp-json\/wp\/v2\/users\/1"}],"replies":[{"embeddable":true,"href":"https:\/\/presenceautochtone.ca\/archives\/2023\/wp-json\/wp\/v2\/comments?post=6275"}],"version-history":[{"count":5,"href":"https:\/\/presenceautochtone.ca\/archives\/2023\/wp-json\/wp\/v2\/pages\/6275\/revisions"}],"predecessor-version":[{"id":8447,"href":"https:\/\/presenceautochtone.ca\/archives\/2023\/wp-json\/wp\/v2\/pages\/6275\/revisions\/8447"}],"up":[{"embeddable":true,"href":"https:\/\/presenceautochtone.ca\/archives\/2023\/wp-json\/wp\/v2\/pages\/2822"}],"wp:attachment":[{"href":"https:\/\/presenceautochtone.ca\/archives\/2023\/wp-json\/wp\/v2\/media?parent=6275"}],"curies":[{"name":"wp","href":"https:\/\/api.w.org\/{rel}","templated":true}]}}