{"id":4003,"date":"2022-06-28T13:21:45","date_gmt":"2022-06-28T17:21:45","guid":{"rendered":"https:\/\/presenceautochtone.ca\/accueil\/nos-partenaires\/"},"modified":"2022-08-02T11:53:38","modified_gmt":"2022-08-02T15:53:38","slug":"partners","status":"publish","type":"page","link":"https:\/\/presenceautochtone.ca\/archives\/2023\/en\/land-insights\/partners\/","title":{"rendered":"Partners"},"content":{"rendered":"","protected":false},"excerpt":{"rendered":"","protected":false},"author":1,"featured_media":0,"parent":4025,"menu_order":26,"comment_status":"closed","ping_status":"closed","template":"templates\/partenaires-template.php","meta":{"_acf_changed":false,"footnotes":""},"class_list":["post-4003","page","type-page","status-publish","hentry"],"acf":[],"yoast_head":"<!-- This site is optimized with the Yoast SEO plugin v27.3 - https:\/\/yoast.com\/product\/yoast-seo-wordpress\/ -->\n<title>Partners - Pr\u00e9sence Autochtone<\/title>\n<meta name=\"description\" content=\"LAND INSIGHTS WOULD LIKE TO THANK Heritage Canada through the Canada Arts Presentation FundTelefilm CanadaCanada Council for the Arts Conseil des arts et lettres du Qu\u00e9bec (CALQ) Soci\u00e9t\u00e9 de d\u00e9veloppement des entreprises culturelles (SODEC)\" \/>\n<meta name=\"robots\" content=\"index, follow, max-snippet:-1, max-image-preview:large, max-video-preview:-1\" \/>\n<link rel=\"canonical\" href=\"https:\/\/presenceautochtone.ca\/archives\/2023\/en\/partners\/\" \/>\n<meta property=\"og:locale\" content=\"en_US\" \/>\n<meta property=\"og:type\" content=\"article\" \/>\n<meta property=\"og:title\" content=\"Partners - Pr\u00e9sence Autochtone\" \/>\n<meta property=\"og:description\" content=\"LAND INSIGHTS WOULD LIKE TO THANK Heritage Canada through the Canada Arts Presentation FundTelefilm CanadaCanada Council for the Arts Conseil des arts et lettres du Qu\u00e9bec (CALQ) Soci\u00e9t\u00e9 de d\u00e9veloppement des entreprises culturelles (SODEC)\" \/>\n<meta property=\"og:url\" content=\"https:\/\/presenceautochtone.ca\/archives\/2023\/en\/partners\/\" \/>\n<meta property=\"og:site_name\" content=\"Pr\u00e9sence Autochtone\" \/>\n<meta property=\"article:modified_time\" content=\"2022-08-02T15:53:38+00:00\" \/>\n<meta name=\"twitter:card\" content=\"summary_large_image\" \/>\n<script type=\"application\/ld+json\" class=\"yoast-schema-graph\">{\"@context\":\"https:\\\/\\\/schema.org\",\"@graph\":[{\"@type\":\"WebPage\",\"@id\":\"https:\\\/\\\/presenceautochtone.ca\\\/archives\\\/2023\\\/en\\\/partners\\\/\",\"url\":\"https:\\\/\\\/presenceautochtone.ca\\\/archives\\\/2023\\\/en\\\/partners\\\/\",\"name\":\"Partners - Pr\u00e9sence Autochtone\",\"isPartOf\":{\"@id\":\"https:\\\/\\\/presenceautochtone.ca\\\/archives\\\/2023\\\/#website\"},\"datePublished\":\"2022-06-28T17:21:45+00:00\",\"dateModified\":\"2022-08-02T15:53:38+00:00\",\"description\":\"LAND INSIGHTS WOULD LIKE TO THANK Heritage Canada through the Canada Arts Presentation FundTelefilm CanadaCanada Council for the Arts Conseil des arts et lettres du Qu\u00e9bec (CALQ) Soci\u00e9t\u00e9 de d\u00e9veloppement des entreprises culturelles (SODEC)\",\"breadcrumb\":{\"@id\":\"https:\\\/\\\/presenceautochtone.ca\\\/archives\\\/2023\\\/en\\\/partners\\\/#breadcrumb\"},\"inLanguage\":\"en-US\",\"potentialAction\":[{\"@type\":\"ReadAction\",\"target\":[\"https:\\\/\\\/presenceautochtone.ca\\\/archives\\\/2023\\\/en\\\/partners\\\/\"]}]},{\"@type\":\"BreadcrumbList\",\"@id\":\"https:\\\/\\\/presenceautochtone.ca\\\/archives\\\/2023\\\/en\\\/partners\\\/#breadcrumb\",\"itemListElement\":[{\"@type\":\"ListItem\",\"position\":1,\"name\":\"Home\",\"item\":\"https:\\\/\\\/presenceautochtone.ca\\\/archives\\\/2023\\\/en\\\/\"},{\"@type\":\"ListItem\",\"position\":2,\"name\":\"Partners\"}]},{\"@type\":\"WebSite\",\"@id\":\"https:\\\/\\\/presenceautochtone.ca\\\/archives\\\/2023\\\/#website\",\"url\":\"https:\\\/\\\/presenceautochtone.ca\\\/archives\\\/2023\\\/\",\"name\":\"Pr\u00e9sence Autochtone\",\"description\":\"\",\"potentialAction\":[{\"@type\":\"SearchAction\",\"target\":{\"@type\":\"EntryPoint\",\"urlTemplate\":\"https:\\\/\\\/presenceautochtone.ca\\\/archives\\\/2023\\\/?s={search_term_string}\"},\"query-input\":{\"@type\":\"PropertyValueSpecification\",\"valueRequired\":true,\"valueName\":\"search_term_string\"}}],\"inLanguage\":\"en-US\"}]}<\/script>\n<!-- \/ Yoast SEO plugin. -->","yoast_head_json":{"title":"Partners - Pr\u00e9sence Autochtone","description":"LAND INSIGHTS WOULD LIKE TO THANK Heritage Canada through the Canada Arts Presentation FundTelefilm CanadaCanada Council for the Arts Conseil des arts et lettres du Qu\u00e9bec (CALQ) Soci\u00e9t\u00e9 de d\u00e9veloppement des entreprises culturelles (SODEC)","robots":{"index":"index","follow":"follow","max-snippet":"max-snippet:-1","max-image-preview":"max-image-preview:large","max-video-preview":"max-video-preview:-1"},"canonical":"https:\/\/presenceautochtone.ca\/archives\/2023\/en\/partners\/","og_locale":"en_US","og_type":"article","og_title":"Partners - Pr\u00e9sence Autochtone","og_description":"LAND INSIGHTS WOULD LIKE TO THANK Heritage Canada through the Canada Arts Presentation FundTelefilm CanadaCanada Council for the Arts Conseil des arts et lettres du Qu\u00e9bec (CALQ) Soci\u00e9t\u00e9 de d\u00e9veloppement des entreprises culturelles (SODEC)","og_url":"https:\/\/presenceautochtone.ca\/archives\/2023\/en\/partners\/","og_site_name":"Pr\u00e9sence Autochtone","article_modified_time":"2022-08-02T15:53:38+00:00","twitter_card":"summary_large_image","schema":{"@context":"https:\/\/schema.org","@graph":[{"@type":"WebPage","@id":"https:\/\/presenceautochtone.ca\/archives\/2023\/en\/partners\/","url":"https:\/\/presenceautochtone.ca\/archives\/2023\/en\/partners\/","name":"Partners - Pr\u00e9sence Autochtone","isPartOf":{"@id":"https:\/\/presenceautochtone.ca\/archives\/2023\/#website"},"datePublished":"2022-06-28T17:21:45+00:00","dateModified":"2022-08-02T15:53:38+00:00","description":"LAND INSIGHTS WOULD LIKE TO THANK Heritage Canada through the Canada Arts Presentation FundTelefilm CanadaCanada Council for the Arts Conseil des arts et lettres du Qu\u00e9bec (CALQ) Soci\u00e9t\u00e9 de d\u00e9veloppement des entreprises culturelles (SODEC)","breadcrumb":{"@id":"https:\/\/presenceautochtone.ca\/archives\/2023\/en\/partners\/#breadcrumb"},"inLanguage":"en-US","potentialAction":[{"@type":"ReadAction","target":["https:\/\/presenceautochtone.ca\/archives\/2023\/en\/partners\/"]}]},{"@type":"BreadcrumbList","@id":"https:\/\/presenceautochtone.ca\/archives\/2023\/en\/partners\/#breadcrumb","itemListElement":[{"@type":"ListItem","position":1,"name":"Home","item":"https:\/\/presenceautochtone.ca\/archives\/2023\/en\/"},{"@type":"ListItem","position":2,"name":"Partners"}]},{"@type":"WebSite","@id":"https:\/\/presenceautochtone.ca\/archives\/2023\/#website","url":"https:\/\/presenceautochtone.ca\/archives\/2023\/","name":"Pr\u00e9sence Autochtone","description":"","potentialAction":[{"@type":"SearchAction","target":{"@type":"EntryPoint","urlTemplate":"https:\/\/presenceautochtone.ca\/archives\/2023\/?s={search_term_string}"},"query-input":{"@type":"PropertyValueSpecification","valueRequired":true,"valueName":"search_term_string"}}],"inLanguage":"en-US"}]}},"_links":{"self":[{"href":"https:\/\/presenceautochtone.ca\/archives\/2023\/en\/wp-json\/wp\/v2\/pages\/4003","targetHints":{"allow":["GET"]}}],"collection":[{"href":"https:\/\/presenceautochtone.ca\/archives\/2023\/en\/wp-json\/wp\/v2\/pages"}],"about":[{"href":"https:\/\/presenceautochtone.ca\/archives\/2023\/en\/wp-json\/wp\/v2\/types\/page"}],"author":[{"embeddable":true,"href":"https:\/\/presenceautochtone.ca\/archives\/2023\/en\/wp-json\/wp\/v2\/users\/1"}],"replies":[{"embeddable":true,"href":"https:\/\/presenceautochtone.ca\/archives\/2023\/en\/wp-json\/wp\/v2\/comments?post=4003"}],"version-history":[{"count":5,"href":"https:\/\/presenceautochtone.ca\/archives\/2023\/en\/wp-json\/wp\/v2\/pages\/4003\/revisions"}],"predecessor-version":[{"id":5132,"href":"https:\/\/presenceautochtone.ca\/archives\/2023\/en\/wp-json\/wp\/v2\/pages\/4003\/revisions\/5132"}],"up":[{"embeddable":true,"href":"https:\/\/presenceautochtone.ca\/archives\/2023\/en\/wp-json\/wp\/v2\/pages\/4025"}],"wp:attachment":[{"href":"https:\/\/presenceautochtone.ca\/archives\/2023\/en\/wp-json\/wp\/v2\/media?parent=4003"}],"curies":[{"name":"wp","href":"https:\/\/api.w.org\/{rel}","templated":true}]}}