{"id":2823,"date":"2022-06-08T14:00:37","date_gmt":"2022-06-08T18:00:37","guid":{"rendered":"https:\/\/presenceautochtone.ca\/le-fipa\/a-propos\/"},"modified":"2022-08-02T12:02:17","modified_gmt":"2022-08-02T16:02:17","slug":"a-propos","status":"publish","type":"page","link":"https:\/\/presenceautochtone.ca\/archives\/2022\/festival\/a-propos\/","title":{"rendered":"\u00c0 propos"},"content":{"rendered":"","protected":false},"excerpt":{"rendered":"","protected":false},"author":1,"featured_media":0,"parent":2822,"menu_order":51,"comment_status":"closed","ping_status":"closed","template":"templates\/apropos-template.php","meta":{"_acf_changed":false,"footnotes":""},"class_list":["post-2823","page","type-page","status-publish","hentry"],"acf":[],"yoast_head":"<!-- This site is optimized with the Yoast SEO plugin v27.4 - https:\/\/yoast.com\/product\/yoast-seo-wordpress\/ -->\n<title>\u00c0 propos - Pr\u00e9sence Autochtone<\/title>\n<meta name=\"description\" content=\"Le Festival international Pr\u00e9sence autochtone de Montr\u00e9al\u00c9v\u00e9nement phare de la cr\u00e9ation artistique et de la renaissance culturelle des peuples autochtones des Am\u00e9riques et du monde.Lieu de cr\u00e9ation, de rencontres et de d\u00e9couvertes, l\u2019\u00e9v\u00e9nement multidisciplinaire se d\u00e9ploie pendant dix jours en ao\u00fbt. La place des Festivals, avec son tipi g\u00e9ant, devient alors le c\u0153ur battant d\u2019une intense activit\u00e9 artistique qui rayonne dans toute la ville. . Le cin\u00e9ma des premiers peuples est \u00e0 l\u2019honneur, des concerts m\u00e9morables font courir les foules, l\u2019art autochtone vivant s\u2019y offre dans une grande vari\u00e9t\u00e9 d\u2019expression et de formes.\" \/>\n<meta name=\"robots\" content=\"index, follow, max-snippet:-1, max-image-preview:large, max-video-preview:-1\" \/>\n<link rel=\"canonical\" href=\"https:\/\/presenceautochtone.ca\/archives\/2022\/festival\/a-propos\/\" \/>\n<meta property=\"og:locale\" content=\"fr_FR\" \/>\n<meta property=\"og:type\" content=\"article\" \/>\n<meta property=\"og:title\" content=\"\u00c0 propos - Pr\u00e9sence Autochtone\" \/>\n<meta property=\"og:description\" content=\"Le Festival international Pr\u00e9sence autochtone de Montr\u00e9al\u00c9v\u00e9nement phare de la cr\u00e9ation artistique et de la renaissance culturelle des peuples autochtones des Am\u00e9riques et du monde.Lieu de cr\u00e9ation, de rencontres et de d\u00e9couvertes, l\u2019\u00e9v\u00e9nement multidisciplinaire se d\u00e9ploie pendant dix jours en ao\u00fbt. La place des Festivals, avec son tipi g\u00e9ant, devient alors le c\u0153ur battant d\u2019une intense activit\u00e9 artistique qui rayonne dans toute la ville. . Le cin\u00e9ma des premiers peuples est \u00e0 l\u2019honneur, des concerts m\u00e9morables font courir les foules, l\u2019art autochtone vivant s\u2019y offre dans une grande vari\u00e9t\u00e9 d\u2019expression et de formes.\" \/>\n<meta property=\"og:url\" content=\"https:\/\/presenceautochtone.ca\/archives\/2022\/festival\/a-propos\/\" \/>\n<meta property=\"og:site_name\" content=\"Pr\u00e9sence Autochtone\" \/>\n<meta property=\"article:modified_time\" content=\"2022-08-02T16:02:17+00:00\" \/>\n<meta name=\"twitter:card\" content=\"summary_large_image\" \/>\n<script type=\"application\/ld+json\" class=\"yoast-schema-graph\">{\"@context\":\"https:\\\/\\\/schema.org\",\"@graph\":[{\"@type\":\"WebPage\",\"@id\":\"https:\\\/\\\/presenceautochtone.ca\\\/archives\\\/2022\\\/festival\\\/a-propos\\\/\",\"url\":\"https:\\\/\\\/presenceautochtone.ca\\\/archives\\\/2022\\\/festival\\\/a-propos\\\/\",\"name\":\"\u00c0 propos - Pr\u00e9sence Autochtone\",\"isPartOf\":{\"@id\":\"https:\\\/\\\/presenceautochtone.ca\\\/archives\\\/2022\\\/#website\"},\"datePublished\":\"2022-06-08T18:00:37+00:00\",\"dateModified\":\"2022-08-02T16:02:17+00:00\",\"description\":\"Le Festival international Pr\u00e9sence autochtone de Montr\u00e9al\u00c9v\u00e9nement phare de la cr\u00e9ation artistique et de la renaissance culturelle des peuples autochtones des Am\u00e9riques et du monde.Lieu de cr\u00e9ation, de rencontres et de d\u00e9couvertes, l\u2019\u00e9v\u00e9nement multidisciplinaire se d\u00e9ploie pendant dix jours en ao\u00fbt. La place des Festivals, avec son tipi g\u00e9ant, devient alors le c\u0153ur battant d\u2019une intense activit\u00e9 artistique qui rayonne dans toute la ville. . Le cin\u00e9ma des premiers peuples est \u00e0 l\u2019honneur, des concerts m\u00e9morables font courir les foules, l\u2019art autochtone vivant s\u2019y offre dans une grande vari\u00e9t\u00e9 d\u2019expression et de formes.\",\"breadcrumb\":{\"@id\":\"https:\\\/\\\/presenceautochtone.ca\\\/archives\\\/2022\\\/festival\\\/a-propos\\\/#breadcrumb\"},\"inLanguage\":\"fr-FR\",\"potentialAction\":[{\"@type\":\"ReadAction\",\"target\":[\"https:\\\/\\\/presenceautochtone.ca\\\/archives\\\/2022\\\/festival\\\/a-propos\\\/\"]}]},{\"@type\":\"BreadcrumbList\",\"@id\":\"https:\\\/\\\/presenceautochtone.ca\\\/archives\\\/2022\\\/festival\\\/a-propos\\\/#breadcrumb\",\"itemListElement\":[{\"@type\":\"ListItem\",\"position\":1,\"name\":\"Home\",\"item\":\"https:\\\/\\\/presenceautochtone.ca\\\/archives\\\/2022\\\/\"},{\"@type\":\"ListItem\",\"position\":2,\"name\":\"Festival\",\"item\":\"https:\\\/\\\/presenceautochtone.ca\\\/archives\\\/2022\\\/festival\\\/\"},{\"@type\":\"ListItem\",\"position\":3,\"name\":\"\u00c0 propos\"}]},{\"@type\":\"WebSite\",\"@id\":\"https:\\\/\\\/presenceautochtone.ca\\\/archives\\\/2022\\\/#website\",\"url\":\"https:\\\/\\\/presenceautochtone.ca\\\/archives\\\/2022\\\/\",\"name\":\"Pr\u00e9sence Autochtone\",\"description\":\"\",\"potentialAction\":[{\"@type\":\"SearchAction\",\"target\":{\"@type\":\"EntryPoint\",\"urlTemplate\":\"https:\\\/\\\/presenceautochtone.ca\\\/archives\\\/2022\\\/?s={search_term_string}\"},\"query-input\":{\"@type\":\"PropertyValueSpecification\",\"valueRequired\":true,\"valueName\":\"search_term_string\"}}],\"inLanguage\":\"fr-FR\"}]}<\/script>\n<!-- \/ Yoast SEO plugin. -->","yoast_head_json":{"title":"\u00c0 propos - Pr\u00e9sence Autochtone","description":"Le Festival international Pr\u00e9sence autochtone de Montr\u00e9al\u00c9v\u00e9nement phare de la cr\u00e9ation artistique et de la renaissance culturelle des peuples autochtones des Am\u00e9riques et du monde.Lieu de cr\u00e9ation, de rencontres et de d\u00e9couvertes, l\u2019\u00e9v\u00e9nement multidisciplinaire se d\u00e9ploie pendant dix jours en ao\u00fbt. La place des Festivals, avec son tipi g\u00e9ant, devient alors le c\u0153ur battant d\u2019une intense activit\u00e9 artistique qui rayonne dans toute la ville. . Le cin\u00e9ma des premiers peuples est \u00e0 l\u2019honneur, des concerts m\u00e9morables font courir les foules, l\u2019art autochtone vivant s\u2019y offre dans une grande vari\u00e9t\u00e9 d\u2019expression et de formes.","robots":{"index":"index","follow":"follow","max-snippet":"max-snippet:-1","max-image-preview":"max-image-preview:large","max-video-preview":"max-video-preview:-1"},"canonical":"https:\/\/presenceautochtone.ca\/archives\/2022\/festival\/a-propos\/","og_locale":"fr_FR","og_type":"article","og_title":"\u00c0 propos - Pr\u00e9sence Autochtone","og_description":"Le Festival international Pr\u00e9sence autochtone de Montr\u00e9al\u00c9v\u00e9nement phare de la cr\u00e9ation artistique et de la renaissance culturelle des peuples autochtones des Am\u00e9riques et du monde.Lieu de cr\u00e9ation, de rencontres et de d\u00e9couvertes, l\u2019\u00e9v\u00e9nement multidisciplinaire se d\u00e9ploie pendant dix jours en ao\u00fbt. La place des Festivals, avec son tipi g\u00e9ant, devient alors le c\u0153ur battant d\u2019une intense activit\u00e9 artistique qui rayonne dans toute la ville. . Le cin\u00e9ma des premiers peuples est \u00e0 l\u2019honneur, des concerts m\u00e9morables font courir les foules, l\u2019art autochtone vivant s\u2019y offre dans une grande vari\u00e9t\u00e9 d\u2019expression et de formes.","og_url":"https:\/\/presenceautochtone.ca\/archives\/2022\/festival\/a-propos\/","og_site_name":"Pr\u00e9sence Autochtone","article_modified_time":"2022-08-02T16:02:17+00:00","twitter_card":"summary_large_image","schema":{"@context":"https:\/\/schema.org","@graph":[{"@type":"WebPage","@id":"https:\/\/presenceautochtone.ca\/archives\/2022\/festival\/a-propos\/","url":"https:\/\/presenceautochtone.ca\/archives\/2022\/festival\/a-propos\/","name":"\u00c0 propos - Pr\u00e9sence Autochtone","isPartOf":{"@id":"https:\/\/presenceautochtone.ca\/archives\/2022\/#website"},"datePublished":"2022-06-08T18:00:37+00:00","dateModified":"2022-08-02T16:02:17+00:00","description":"Le Festival international Pr\u00e9sence autochtone de Montr\u00e9al\u00c9v\u00e9nement phare de la cr\u00e9ation artistique et de la renaissance culturelle des peuples autochtones des Am\u00e9riques et du monde.Lieu de cr\u00e9ation, de rencontres et de d\u00e9couvertes, l\u2019\u00e9v\u00e9nement multidisciplinaire se d\u00e9ploie pendant dix jours en ao\u00fbt. La place des Festivals, avec son tipi g\u00e9ant, devient alors le c\u0153ur battant d\u2019une intense activit\u00e9 artistique qui rayonne dans toute la ville. . Le cin\u00e9ma des premiers peuples est \u00e0 l\u2019honneur, des concerts m\u00e9morables font courir les foules, l\u2019art autochtone vivant s\u2019y offre dans une grande vari\u00e9t\u00e9 d\u2019expression et de formes.","breadcrumb":{"@id":"https:\/\/presenceautochtone.ca\/archives\/2022\/festival\/a-propos\/#breadcrumb"},"inLanguage":"fr-FR","potentialAction":[{"@type":"ReadAction","target":["https:\/\/presenceautochtone.ca\/archives\/2022\/festival\/a-propos\/"]}]},{"@type":"BreadcrumbList","@id":"https:\/\/presenceautochtone.ca\/archives\/2022\/festival\/a-propos\/#breadcrumb","itemListElement":[{"@type":"ListItem","position":1,"name":"Home","item":"https:\/\/presenceautochtone.ca\/archives\/2022\/"},{"@type":"ListItem","position":2,"name":"Festival","item":"https:\/\/presenceautochtone.ca\/archives\/2022\/festival\/"},{"@type":"ListItem","position":3,"name":"\u00c0 propos"}]},{"@type":"WebSite","@id":"https:\/\/presenceautochtone.ca\/archives\/2022\/#website","url":"https:\/\/presenceautochtone.ca\/archives\/2022\/","name":"Pr\u00e9sence Autochtone","description":"","potentialAction":[{"@type":"SearchAction","target":{"@type":"EntryPoint","urlTemplate":"https:\/\/presenceautochtone.ca\/archives\/2022\/?s={search_term_string}"},"query-input":{"@type":"PropertyValueSpecification","valueRequired":true,"valueName":"search_term_string"}}],"inLanguage":"fr-FR"}]}},"_links":{"self":[{"href":"https:\/\/presenceautochtone.ca\/archives\/2022\/wp-json\/wp\/v2\/pages\/2823","targetHints":{"allow":["GET"]}}],"collection":[{"href":"https:\/\/presenceautochtone.ca\/archives\/2022\/wp-json\/wp\/v2\/pages"}],"about":[{"href":"https:\/\/presenceautochtone.ca\/archives\/2022\/wp-json\/wp\/v2\/types\/page"}],"author":[{"embeddable":true,"href":"https:\/\/presenceautochtone.ca\/archives\/2022\/wp-json\/wp\/v2\/users\/1"}],"replies":[{"embeddable":true,"href":"https:\/\/presenceautochtone.ca\/archives\/2022\/wp-json\/wp\/v2\/comments?post=2823"}],"version-history":[{"count":4,"href":"https:\/\/presenceautochtone.ca\/archives\/2022\/wp-json\/wp\/v2\/pages\/2823\/revisions"}],"predecessor-version":[{"id":3643,"href":"https:\/\/presenceautochtone.ca\/archives\/2022\/wp-json\/wp\/v2\/pages\/2823\/revisions\/3643"}],"up":[{"embeddable":true,"href":"https:\/\/presenceautochtone.ca\/archives\/2022\/wp-json\/wp\/v2\/pages\/2822"}],"wp:attachment":[{"href":"https:\/\/presenceautochtone.ca\/archives\/2022\/wp-json\/wp\/v2\/media?parent=2823"}],"curies":[{"name":"wp","href":"https:\/\/api.w.org\/{rel}","templated":true}]}}